{"id":402,"date":"2025-01-08T17:32:51","date_gmt":"2025-01-08T16:32:51","guid":{"rendered":"https:\/\/indie.rent\/catalogue\/produit\/objectif-sigma-120-300mm-f2-8-dg-os-hsm-monture-ef\/"},"modified":"2026-04-04T00:14:20","modified_gmt":"2026-04-03T22:14:20","slug":"objectif-sigma-120-300mm-f2-8-dg-os-hsm-monture-ef-o105","status":"publish","type":"product","link":"https:\/\/indie.rent\/catalogue\/produit\/objectif-sigma-120-300mm-f2-8-dg-os-hsm-monture-ef-o105\/","title":{"rendered":"Objectif Sigma 120-300mm F2.8 DG OS HSM (Monture EF) \u00d8105"},"content":{"rendered":"<p>Zoom 120-300mm Sigma<\/p>\n<p>Une qualit\u00e9 d\u2019image remarquable comparable \u00e0 celle d\u2019une focale fixe de premier rang pour ce t\u00e9l\u00e9objectif \u00e0 grande ouverture solidement construit et pourvu du syst\u00e8me de stabilisation optique SIGMA OS. Un 300mm F2.8 d&#8217;exception, avec le cot\u00e9 pratique d&#8217;un zoom : encore une optique d&#8217;exception chez SIGMA.<\/p>\n<p>Caract\u00e9ristiques principales :<br \/>&#8211; Optique ultra lumineuse : ouverture f\/2.8 constante sur toute la plage focale.<br \/>&#8211; Objectif tropicalis\u00e9 : r\u00e9sistant \u00e0 l&#8217;eau et \u00e0 la poussi\u00e8re.<br \/>&#8211; Contient 2 \u00e9l\u00e9ments en verre FLD dont les performances \u00e9galent celles de la fluorite et 1 en verre SLD pour une qualit\u00e9 d&#8217;image exceptionnelle.<br \/>&#8211; Compatible avec le nouveau Dock USB Sigma (non fourni) permettant de personnaliser diff\u00e9rents param\u00e8tres.<br \/>&#8211; Equip\u00e9 du syst\u00e8me Sigma O.S. de stabilisation qui permet de compenser les mouvements jusqu&#8217;\u00e0 environ 4 valeurs de vitesse.<br \/>&#8211; Compatible avec les multiplicateurs SIGMA 1.4x et SIGMA 2x (non fournis) avec conservation de la mise au point automatique.<\/p>\n","protected":false},"excerpt":{"rendered":"<p>Zoom 120-300mm Sigma Une qualit\u00e9 d\u2019image remarquable comparable \u00e0 celle d\u2019une focale fixe de premier rang pour ce t\u00e9l\u00e9objectif \u00e0 grande ouverture solidement construit et pourvu du syst\u00e8me de stabilisation optique SIGMA OS. Un 300mm F2.8 d&#8217;exception, avec le cot\u00e9 pratique d&#8217;un zoom : encore une optique d&#8217;exception chez SIGMA. Caract\u00e9ristiques principales :&#8211; Optique ultra [&hellip;]<\/p>\n","protected":false},"featured_media":2083,"template":"","meta":{"inline_featured_image":false},"product_brand":[],"product_cat":[1929],"product_tag":[],"class_list":{"0":"post-402","1":"product","2":"type-product","3":"status-publish","4":"has-post-thumbnail","6":"product_cat-objectif-photo-ef","8":"first","9":"instock","10":"taxable","11":"shipping-taxable","12":"purchasable","13":"product-type-rentable"},"acf":[],"_links":{"self":[{"href":"https:\/\/indie.rent\/catalogue\/wp-json\/wp\/v2\/product\/402","targetHints":{"allow":["GET"]}}],"collection":[{"href":"https:\/\/indie.rent\/catalogue\/wp-json\/wp\/v2\/product"}],"about":[{"href":"https:\/\/indie.rent\/catalogue\/wp-json\/wp\/v2\/types\/product"}],"version-history":[{"count":2,"href":"https:\/\/indie.rent\/catalogue\/wp-json\/wp\/v2\/product\/402\/revisions"}],"predecessor-version":[{"id":5470,"href":"https:\/\/indie.rent\/catalogue\/wp-json\/wp\/v2\/product\/402\/revisions\/5470"}],"wp:featuredmedia":[{"embeddable":true,"href":"https:\/\/indie.rent\/catalogue\/wp-json\/wp\/v2\/media\/2083"}],"wp:attachment":[{"href":"https:\/\/indie.rent\/catalogue\/wp-json\/wp\/v2\/media?parent=402"}],"wp:term":[{"taxonomy":"product_brand","embeddable":true,"href":"https:\/\/indie.rent\/catalogue\/wp-json\/wp\/v2\/product_brand?post=402"},{"taxonomy":"product_cat","embeddable":true,"href":"https:\/\/indie.rent\/catalogue\/wp-json\/wp\/v2\/product_cat?post=402"},{"taxonomy":"product_tag","embeddable":true,"href":"https:\/\/indie.rent\/catalogue\/wp-json\/wp\/v2\/product_tag?post=402"}],"curies":[{"name":"wp","href":"https:\/\/api.w.org\/{rel}","templated":true}]}}