{"id":399,"date":"2025-01-08T17:32:51","date_gmt":"2025-01-08T16:32:51","guid":{"rendered":"https:\/\/indie.rent\/catalogue\/produit\/serie-de-6-optiques-sovietiques-iron-glass-20-28-37-58-85-135pl-ff-%e2%88%85-80mm\/"},"modified":"2026-04-04T00:17:55","modified_gmt":"2026-04-03T22:17:55","slug":"serie-de-6-optiques-sovietiques-iron-glass-pl-ff-o75mm-o80mm-20-28-37-58-85-135","status":"publish","type":"product","link":"https:\/\/indie.rent\/catalogue\/produit\/serie-de-6-optiques-sovietiques-iron-glass-pl-ff-o75mm-o80mm-20-28-37-58-85-135\/","title":{"rendered":"S\u00e9rie de 6 Optiques Sovi\u00e9tiques IRON GLASS PL &#8211; FF &#8211; \u00f875mm &#038; \u00f880mm (20-28-37-58-85-135)"},"content":{"rendered":"<p>S\u00e9rie de 6 optiques vintages sovi\u00e9tiques: 20mm, 28mm, 37mm, 58mm, 85mm et 135mm.<\/p>\n<p>Les objectifs sovi\u00e9tiques MIR-20M (20mm), MIR-10A (28mm), MIR-1B (37mm), Helios 44-2 (58mm), Jupiter-9 (85mm) et Tair-11A (135mm) sont r\u00e9put\u00e9s pour leur esth\u00e9tique vintage unique. Chacun se distingue par ses qualit\u00e9s : <br \/>le MIR-20M pour ses perspectives ultra-larges, le MIR-10A pour son bokeh \u00e9toil\u00e9 et son excellent piqu\u00e9, le MIR-1B pour ses tons chauds et son charme classique, le Helios 44-2 pour son bokeh tourbillonnant, le Jupiter-9 pour ses flous d&#8217;arri\u00e8re-plan doux, et le Tair-11A pour son excellente nettet\u00e9 et son bokeh soign\u00e9.<\/p>\n<p>\u00a0<\/p>\n","protected":false},"excerpt":{"rendered":"<p>S\u00e9rie de 6 optiques vintages sovi\u00e9tiques: 20mm, 28mm, 37mm, 58mm, 85mm et 135mm. Les objectifs sovi\u00e9tiques MIR-20M (20mm), MIR-10A (28mm), MIR-1B (37mm), Helios 44-2 (58mm), Jupiter-9 (85mm) et Tair-11A (135mm) sont r\u00e9put\u00e9s pour leur esth\u00e9tique vintage unique. Chacun se distingue par ses qualit\u00e9s : le MIR-20M pour ses perspectives ultra-larges, le MIR-10A pour son bokeh [&hellip;]<\/p>\n","protected":false},"featured_media":2790,"template":"","meta":{"inline_featured_image":false},"product_brand":[],"product_cat":[1919],"product_tag":[],"class_list":{"0":"post-399","1":"product","2":"type-product","3":"status-publish","4":"has-post-thumbnail","6":"product_cat-optique-spherique-pl","8":"first","9":"instock","10":"taxable","11":"shipping-taxable","12":"purchasable","13":"product-type-rentable"},"acf":[],"_links":{"self":[{"href":"https:\/\/indie.rent\/catalogue\/wp-json\/wp\/v2\/product\/399","targetHints":{"allow":["GET"]}}],"collection":[{"href":"https:\/\/indie.rent\/catalogue\/wp-json\/wp\/v2\/product"}],"about":[{"href":"https:\/\/indie.rent\/catalogue\/wp-json\/wp\/v2\/types\/product"}],"version-history":[{"count":4,"href":"https:\/\/indie.rent\/catalogue\/wp-json\/wp\/v2\/product\/399\/revisions"}],"predecessor-version":[{"id":6309,"href":"https:\/\/indie.rent\/catalogue\/wp-json\/wp\/v2\/product\/399\/revisions\/6309"}],"wp:featuredmedia":[{"embeddable":true,"href":"https:\/\/indie.rent\/catalogue\/wp-json\/wp\/v2\/media\/2790"}],"wp:attachment":[{"href":"https:\/\/indie.rent\/catalogue\/wp-json\/wp\/v2\/media?parent=399"}],"wp:term":[{"taxonomy":"product_brand","embeddable":true,"href":"https:\/\/indie.rent\/catalogue\/wp-json\/wp\/v2\/product_brand?post=399"},{"taxonomy":"product_cat","embeddable":true,"href":"https:\/\/indie.rent\/catalogue\/wp-json\/wp\/v2\/product_cat?post=399"},{"taxonomy":"product_tag","embeddable":true,"href":"https:\/\/indie.rent\/catalogue\/wp-json\/wp\/v2\/product_tag?post=399"}],"curies":[{"name":"wp","href":"https:\/\/api.w.org\/{rel}","templated":true}]}}