{"id":395,"date":"2025-01-08T17:32:49","date_gmt":"2025-01-08T16:32:49","guid":{"rendered":"https:\/\/indie.rent\/catalogue\/produit\/option-1-peinture-sol-blanc\/"},"modified":"2026-04-04T00:15:43","modified_gmt":"2026-04-03T22:15:43","slug":"option-1-peinture-sol-blanc","status":"publish","type":"product","link":"https:\/\/indie.rent\/catalogue\/produit\/option-1-peinture-sol-blanc\/","title":{"rendered":"Option 1 &#8211; Peinture Sol Blanc"},"content":{"rendered":"<p>Les trois faces et le sol du cyclorama du &#8220;Studio 35&#8221; sont peints en blanc. <\/p>\n<p>Lors de vos tournages, une remise en peinture blanche du sol vous est pr\u00e9conis\u00e9 si vous souhaitez filmer de plein pied. Cette option est \u00e0 inclure dans votre panier. <br \/>D\u00e8s validation du devis, la remise en peinture se fera avant le tournage par nos soins.<\/p>\n","protected":false},"excerpt":{"rendered":"<p>Les trois faces et le sol du cyclorama du &#8220;Studio 35&#8221; sont peints en blanc. Lors de vos tournages, une remise en peinture blanche du sol vous est pr\u00e9conis\u00e9 si vous souhaitez filmer de plein pied. Cette option est \u00e0 inclure dans votre panier. D\u00e8s validation du devis, la remise en peinture se fera avant [&hellip;]<\/p>\n","protected":false},"featured_media":3977,"template":"","meta":{"inline_featured_image":false},"product_brand":[],"product_cat":[1900],"product_tag":[],"class_list":{"0":"post-395","1":"product","2":"type-product","3":"status-publish","4":"has-post-thumbnail","6":"product_cat-studio-35","8":"first","9":"instock","10":"taxable","11":"shipping-taxable","12":"purchasable","13":"product-type-simple"},"acf":[],"_links":{"self":[{"href":"https:\/\/indie.rent\/catalogue\/wp-json\/wp\/v2\/product\/395","targetHints":{"allow":["GET"]}}],"collection":[{"href":"https:\/\/indie.rent\/catalogue\/wp-json\/wp\/v2\/product"}],"about":[{"href":"https:\/\/indie.rent\/catalogue\/wp-json\/wp\/v2\/types\/product"}],"version-history":[{"count":0,"href":"https:\/\/indie.rent\/catalogue\/wp-json\/wp\/v2\/product\/395\/revisions"}],"wp:featuredmedia":[{"embeddable":true,"href":"https:\/\/indie.rent\/catalogue\/wp-json\/wp\/v2\/media\/3977"}],"wp:attachment":[{"href":"https:\/\/indie.rent\/catalogue\/wp-json\/wp\/v2\/media?parent=395"}],"wp:term":[{"taxonomy":"product_brand","embeddable":true,"href":"https:\/\/indie.rent\/catalogue\/wp-json\/wp\/v2\/product_brand?post=395"},{"taxonomy":"product_cat","embeddable":true,"href":"https:\/\/indie.rent\/catalogue\/wp-json\/wp\/v2\/product_cat?post=395"},{"taxonomy":"product_tag","embeddable":true,"href":"https:\/\/indie.rent\/catalogue\/wp-json\/wp\/v2\/product_tag?post=395"}],"curies":[{"name":"wp","href":"https:\/\/api.w.org\/{rel}","templated":true}]}}