{"id":3945,"date":"2025-06-05T15:34:50","date_gmt":"2025-06-05T13:34:50","guid":{"rendered":"https:\/\/indie.rent\/catalogue\/produit\/zaxcom-kit-emetteur-recepteur-hf\/"},"modified":"2026-04-13T18:32:48","modified_gmt":"2026-04-13T16:32:48","slug":"zaxcom-kit-emetteur-recepteur-hf","status":"publish","type":"product","link":"https:\/\/indie.rent\/catalogue\/produit\/zaxcom-kit-emetteur-recepteur-hf\/","title":{"rendered":"Zaxcom Kit \u00c9metteur \/ R\u00e9cepteur HF"},"content":{"rendered":"<p>Le QRX200 est un r\u00e9cepteur HF num\u00e9rique large bande (512-698 MHz) capable de recevoir 2 \u00e9metteurs ZAXCOM, et de sortir jusqu\u2019\u00e0 4 canaux audio via 2 \u00e9metteurs st\u00e9r\u00e9o. Il permet ainsi de profiter compl\u00e8tement des 4 pistes d\u2019enregistrement disponibles sur la plupart des cam\u00e9ras broadcast. Lorsque les 2 r\u00e9cepteurs internes fonctionnent en mode SINGLE (avec un seul \u00e9metteur) la robustesse de la liaison est consid\u00e9rablement augment\u00e9e.<\/p>\n<p>Le QRX200 poss\u00e8de des sorties analogiques et num\u00e9riques au format AES\/EBU. Les 2 sorties num\u00e9riques peuvent \u00eatre reli\u00e9es aux cam\u00e9ras broadcast qui poss\u00e8dent des entr\u00e9es AES\/EBU. <\/p>\n<p>La modulation num\u00e9rique pr\u00e9serve le signal audio des interf\u00e9rences qui ajoutent d\u2019habitude de la distorsion aux syst\u00e8mes sans fil \u00e0 modulation de fr\u00e9quence. Toute combinaison d\u2019\u00e9metteur Zaxcom TRX mono ou st\u00e9r\u00e9o peut-\u00eatre employ\u00e9e avec le QRX200. Les \u00e9metteurs TRX9xx pr\u00e9sentent de nombreux avantages comme l\u2019absence d\u2019intermodulation, l\u2019enregistrement embarqu\u00e9 sur carte m\u00e9moire (brevet d\u00e9pos\u00e9) et un r\u00e9cepteur IFB incorpor\u00e9.<\/p>\n<p>12 DELs multicolores sont int\u00e9gr\u00e9es sur le c\u00f4t\u00e9 du r\u00e9cepteur. Elles sont visibles lorsque le QRX200 est install\u00e9 sur une cam\u00e9ra et fournissent \u00e0 l\u2019ing\u00e9nieur du son un contr\u00f4le visuel de la r\u00e9ception du signal audio sur la cam\u00e9ra. Ces diodes sont visibles \u00e0 une distance de 6 m\u00e8tres en plein soleil.<\/p>\n","protected":false},"excerpt":{"rendered":"<p>Le QRX200 est un r\u00e9cepteur HF num\u00e9rique large bande (512-698 MHz) capable de recevoir 2 \u00e9metteurs ZAXCOM, et de sortir jusqu\u2019\u00e0 4 canaux audio via 2 \u00e9metteurs st\u00e9r\u00e9o. Il permet ainsi de profiter compl\u00e8tement des 4 pistes d\u2019enregistrement disponibles sur la plupart des cam\u00e9ras broadcast. Lorsque les 2 r\u00e9cepteurs internes fonctionnent en mode SINGLE (avec [&hellip;]<\/p>\n","protected":false},"featured_media":3965,"template":"","meta":{"inline_featured_image":false},"product_brand":[],"product_cat":[2211],"product_tag":[],"class_list":{"0":"post-3945","1":"product","2":"type-product","3":"status-publish","4":"has-post-thumbnail","6":"product_cat-emetteur-recepteur-audio","8":"first","9":"instock","10":"featured","11":"taxable","12":"shipping-taxable","13":"purchasable","14":"product-type-rentable"},"acf":[],"_links":{"self":[{"href":"https:\/\/indie.rent\/catalogue\/wp-json\/wp\/v2\/product\/3945","targetHints":{"allow":["GET"]}}],"collection":[{"href":"https:\/\/indie.rent\/catalogue\/wp-json\/wp\/v2\/product"}],"about":[{"href":"https:\/\/indie.rent\/catalogue\/wp-json\/wp\/v2\/types\/product"}],"version-history":[{"count":0,"href":"https:\/\/indie.rent\/catalogue\/wp-json\/wp\/v2\/product\/3945\/revisions"}],"wp:featuredmedia":[{"embeddable":true,"href":"https:\/\/indie.rent\/catalogue\/wp-json\/wp\/v2\/media\/3965"}],"wp:attachment":[{"href":"https:\/\/indie.rent\/catalogue\/wp-json\/wp\/v2\/media?parent=3945"}],"wp:term":[{"taxonomy":"product_brand","embeddable":true,"href":"https:\/\/indie.rent\/catalogue\/wp-json\/wp\/v2\/product_brand?post=3945"},{"taxonomy":"product_cat","embeddable":true,"href":"https:\/\/indie.rent\/catalogue\/wp-json\/wp\/v2\/product_cat?post=3945"},{"taxonomy":"product_tag","embeddable":true,"href":"https:\/\/indie.rent\/catalogue\/wp-json\/wp\/v2\/product_tag?post=3945"}],"curies":[{"name":"wp","href":"https:\/\/api.w.org\/{rel}","templated":true}]}}