{"id":3943,"date":"2025-06-05T15:34:05","date_gmt":"2025-06-05T13:34:05","guid":{"rendered":"https:\/\/indie.rent\/catalogue\/produit\/enregistreur-audio-zoom-h5\/"},"modified":"2026-04-07T00:13:05","modified_gmt":"2026-04-06T22:13:05","slug":"enregistreur-audio-zoom-h5","status":"publish","type":"product","link":"https:\/\/indie.rent\/catalogue\/produit\/enregistreur-audio-zoom-h5\/","title":{"rendered":"Enregistreur Audio Zoom H5"},"content":{"rendered":"<p>Con\u00e7u pour r\u00e9pondre aux exigences professionnelles, l&#8217;enregistreur ZOOM H5 compl\u00e8te la gamme et y ajoute des fonctionnalit\u00e9s tr\u00e8s attendues. Proposant 4 pistes en enregistrement (2 entr\u00e9es micro\/ligne sur XLR combo, deux entr\u00e9es d\u00e9di\u00e9es capsules amovibles),le H5 permet \u00e0 l\u2019utilisateur de choisir le microphone qu\u2019il utilise; le couple XYH-5 inclus avec l\u2019appareil peut \u00eatre remplac\u00e9 par la capsule Mid-Side MSH-6, le microphone \u00ab canon \u00bb SGH-6, ou entr\u00e9es microphone\/ligne EXH-6.<\/p>\n<p>Aussi pr\u00e9vu pour \u00eatre mont\u00e9 sur une cam\u00e9ra ou un appareil photo num\u00e9rique, le H5 dispose d\u2019un \u00e9cran de contr\u00f4le r\u00e9tro\u00e9clair\u00e9 pour une excellente visualisation des niveaux d\u2019enregistrement. Il supporte les cartes SDHC jusqu\u2019\u00e0 32 GB, offrant l\u2019espace de stockage n\u00e9cessaire aux 4 pistes haute r\u00e9solution 24bits \/ 96 KHz. Et comme tous les enregistreurs ZOOM, une fois connect\u00e9 \u00e0 un ordinateur via USB, le H5 fonctionne en tant qu\u2019interface audionum\u00e9rique 4 entr\u00e9es \/ 2 sorties.<\/p>\n<p>CARACTERISTIQUES : <\/p>\n<p>&#8211; Enregistre jusqu\u2019\u00e0 4 canaux simultan\u00e9ment<br \/>&#8211; R\u00e9solution jusqu\u2019\u00e0 24 bits \/ 96 kHz, enregistrement WAV ou MP3<br \/>&#8211; Couple de microphones \u00e9lectrostatiques sur suspensions XYH-5<br \/>avec entr\u00e9e micro\/ligne supportant le plug-in Power 2,5 Volts<br \/>&#8211; Deux entr\u00e9es XLR combo permettant l\u2019enregistrement micro\/ligne<br \/>&#8211; Gains analogiques sur chaque entr\u00e9e, Pad -20 dB sur entr\u00e9es micro\/ligne<br \/>&#8211; Potentiom\u00e8tres de gain prot\u00e9g\u00e9s contre un mouvement accidentel<br \/>&#8211; Fonctions Auto-Record par niveau de seuil, Pre-record 2 secondes et Backup record -12dB<br \/>&#8211; Fonctions d\u2019\u00e9ditions (Trim, Divide, Normalisation)<br \/>&#8211; Lecture \u00e0 vitesse variable, r\u00e9glage de hauteur tonale sans affecter la vitesse de lecture<br \/>&#8211; Effets int\u00e9gr\u00e9s (filtre passe-haut, compresseur \/ limiteur), accordeur chromatique et m\u00e9tronome<br \/>&#8211; Entr\u00e9e pour t\u00e9l\u00e9commande filaire RCH-5<br \/>&#8211; Mode interface audio USB 4 entr\u00e9es \/ 2 sorties (PC, Mac), Support iPad 2 entr\u00e9es \/ 2 sorties<br \/>&#8211; Ecran LCD r\u00e9tro\u00e9clair\u00e9<br \/>&#8211; Enregistrement sur carte m\u00e9moire SDHC jusqu\u2019\u00e0 32 GB (non inclus)<br \/>&#8211; Inclus : Mode d&#8217;emploi, Capsule de micro X\/Y XYH-5, 2 piles AA (LR6), C\u00e2ble USB, Bonnette antivent, \u00c9tui de protection, T\u00e9l\u00e9chargement du logiciel Steinberg Wavelab LE<br \/>&#8211; Autonomie de 15 heures en mode st\u00e9r\u00e9o avec 2 piles AA<br \/>&#8211; Dimensions : 135 x 67 x 42 mm<br \/>&#8211; Poids : 176 g<\/p>\n","protected":false},"excerpt":{"rendered":"<p>Con\u00e7u pour r\u00e9pondre aux exigences professionnelles, l&#8217;enregistreur ZOOM H5 compl\u00e8te la gamme et y ajoute des fonctionnalit\u00e9s tr\u00e8s attendues. Proposant 4 pistes en enregistrement (2 entr\u00e9es micro\/ligne sur XLR combo, deux entr\u00e9es d\u00e9di\u00e9es capsules amovibles),le H5 permet \u00e0 l\u2019utilisateur de choisir le microphone qu\u2019il utilise; le couple XYH-5 inclus avec l\u2019appareil peut \u00eatre remplac\u00e9 par [&hellip;]<\/p>\n","protected":false},"featured_media":3953,"template":"","meta":{"inline_featured_image":false},"product_brand":[],"product_cat":[2212],"product_tag":[],"class_list":{"0":"post-3943","1":"product","2":"type-product","3":"status-publish","4":"has-post-thumbnail","6":"product_cat-enregistreur-audio","8":"first","9":"instock","10":"taxable","11":"shipping-taxable","12":"purchasable","13":"product-type-rentable"},"acf":[],"_links":{"self":[{"href":"https:\/\/indie.rent\/catalogue\/wp-json\/wp\/v2\/product\/3943","targetHints":{"allow":["GET"]}}],"collection":[{"href":"https:\/\/indie.rent\/catalogue\/wp-json\/wp\/v2\/product"}],"about":[{"href":"https:\/\/indie.rent\/catalogue\/wp-json\/wp\/v2\/types\/product"}],"version-history":[{"count":0,"href":"https:\/\/indie.rent\/catalogue\/wp-json\/wp\/v2\/product\/3943\/revisions"}],"wp:featuredmedia":[{"embeddable":true,"href":"https:\/\/indie.rent\/catalogue\/wp-json\/wp\/v2\/media\/3953"}],"wp:attachment":[{"href":"https:\/\/indie.rent\/catalogue\/wp-json\/wp\/v2\/media?parent=3943"}],"wp:term":[{"taxonomy":"product_brand","embeddable":true,"href":"https:\/\/indie.rent\/catalogue\/wp-json\/wp\/v2\/product_brand?post=3943"},{"taxonomy":"product_cat","embeddable":true,"href":"https:\/\/indie.rent\/catalogue\/wp-json\/wp\/v2\/product_cat?post=3943"},{"taxonomy":"product_tag","embeddable":true,"href":"https:\/\/indie.rent\/catalogue\/wp-json\/wp\/v2\/product_tag?post=3943"}],"curies":[{"name":"wp","href":"https:\/\/api.w.org\/{rel}","templated":true}]}}