{"id":3940,"date":"2025-06-05T15:33:52","date_gmt":"2025-06-05T13:33:52","guid":{"rendered":"https:\/\/indie.rent\/catalogue\/produit\/double-generateur-de-time-code-tentacle-sync-e-bluetooth\/"},"modified":"2026-04-04T00:14:02","modified_gmt":"2026-04-03T22:14:02","slug":"double-generateur-de-time-code-tentacle-sync-e-bluetooth","status":"publish","type":"product","link":"https:\/\/indie.rent\/catalogue\/produit\/double-generateur-de-time-code-tentacle-sync-e-bluetooth\/","title":{"rendered":"Double G\u00e9n\u00e9rateur de Time Code Tentacle Sync E Bluetooth"},"content":{"rendered":"<p>Double g\u00e9n\u00e9rateur Time Code Tentacle bluetooth<\/p>\n","protected":false},"excerpt":{"rendered":"<p>Double g\u00e9n\u00e9rateur Time Code Tentacle bluetooth<\/p>\n","protected":false},"featured_media":3955,"template":"","meta":{"inline_featured_image":false},"product_brand":[],"product_cat":[2210],"product_tag":[],"class_list":{"0":"post-3940","1":"product","2":"type-product","3":"status-publish","4":"has-post-thumbnail","6":"product_cat-generateur-de-tc","8":"first","9":"instock","10":"taxable","11":"shipping-taxable","12":"purchasable","13":"product-type-rentable"},"acf":[],"_links":{"self":[{"href":"https:\/\/indie.rent\/catalogue\/wp-json\/wp\/v2\/product\/3940","targetHints":{"allow":["GET"]}}],"collection":[{"href":"https:\/\/indie.rent\/catalogue\/wp-json\/wp\/v2\/product"}],"about":[{"href":"https:\/\/indie.rent\/catalogue\/wp-json\/wp\/v2\/types\/product"}],"version-history":[{"count":0,"href":"https:\/\/indie.rent\/catalogue\/wp-json\/wp\/v2\/product\/3940\/revisions"}],"wp:featuredmedia":[{"embeddable":true,"href":"https:\/\/indie.rent\/catalogue\/wp-json\/wp\/v2\/media\/3955"}],"wp:attachment":[{"href":"https:\/\/indie.rent\/catalogue\/wp-json\/wp\/v2\/media?parent=3940"}],"wp:term":[{"taxonomy":"product_brand","embeddable":true,"href":"https:\/\/indie.rent\/catalogue\/wp-json\/wp\/v2\/product_brand?post=3940"},{"taxonomy":"product_cat","embeddable":true,"href":"https:\/\/indie.rent\/catalogue\/wp-json\/wp\/v2\/product_cat?post=3940"},{"taxonomy":"product_tag","embeddable":true,"href":"https:\/\/indie.rent\/catalogue\/wp-json\/wp\/v2\/product_tag?post=3940"}],"curies":[{"name":"wp","href":"https:\/\/api.w.org\/{rel}","templated":true}]}}