{"id":3939,"date":"2025-06-05T15:33:50","date_gmt":"2025-06-05T13:33:50","guid":{"rendered":"https:\/\/indie.rent\/catalogue\/produit\/micro-cravate-omnidirectionnel-tr50\/"},"modified":"2026-04-04T00:13:30","modified_gmt":"2026-04-03T22:13:30","slug":"micro-cravate-omnidirectionnel-tr50","status":"publish","type":"product","link":"https:\/\/indie.rent\/catalogue\/produit\/micro-cravate-omnidirectionnel-tr50\/","title":{"rendered":"Micro Cravate Omnidirectionnel &#8211; TR50"},"content":{"rendered":"<p>Le Micro Cravate omnidirectionnel TRAM TR-50 est un micro unique en son genre. Ce microphone a \u00e9t\u00e9 developp\u00e9 suivant un cahier des charges tr\u00e8s pr\u00e9cis \u00e9tabli par les ing\u00e9nieurs du son du cin\u00e9ma et de la t\u00e9l\u00e9vision am\u00e9ricaine. Le TRAM a une forme plate et peu \u00e9paisse qui le rend facilement dissimulable sous une chemise. La position verticale de la capsule \u00e9lectret qui se trouve \u00e0 l&#8217;int\u00e9rieur d&#8217;un petit baffle fait que le TR-50 ne produit quasiment aucun d\u00e9timbrage quelle que soit sa position sur un journaliste ou un com\u00e9dien. Gr\u00e2ce a sa forme, les probl\u00e8mes de bruit de frottement de la capsule sur les textiles ont \u00e9t\u00e9 r\u00e9solus.<\/p>\n<p>Le Micro Cravate TRAM peut se transformer en micro de type PZM gr\u00e2ce \u00e0 des accessoires sur pince cravate ou sur aiguille afin de supprimer l&#8217;effet de corps sur une voix tr\u00e8s timbr\u00e9e, ou de permettre l&#8217;enregistrement d&#8217;une interview en micro cach\u00e9 tout en gardant un maximum d&#8217;intelligibilit\u00e9.<\/p>\n","protected":false},"excerpt":{"rendered":"<p>Le Micro Cravate omnidirectionnel TRAM TR-50 est un micro unique en son genre. Ce microphone a \u00e9t\u00e9 developp\u00e9 suivant un cahier des charges tr\u00e8s pr\u00e9cis \u00e9tabli par les ing\u00e9nieurs du son du cin\u00e9ma et de la t\u00e9l\u00e9vision am\u00e9ricaine. Le TRAM a une forme plate et peu \u00e9paisse qui le rend facilement dissimulable sous une chemise. [&hellip;]<\/p>\n","protected":false},"featured_media":3949,"template":"","meta":{"inline_featured_image":false},"product_brand":[],"product_cat":[2213],"product_tag":[],"class_list":{"0":"post-3939","1":"product","2":"type-product","3":"status-publish","4":"has-post-thumbnail","6":"product_cat-micro","8":"first","9":"instock","10":"taxable","11":"shipping-taxable","12":"purchasable","13":"product-type-rentable"},"acf":[],"_links":{"self":[{"href":"https:\/\/indie.rent\/catalogue\/wp-json\/wp\/v2\/product\/3939","targetHints":{"allow":["GET"]}}],"collection":[{"href":"https:\/\/indie.rent\/catalogue\/wp-json\/wp\/v2\/product"}],"about":[{"href":"https:\/\/indie.rent\/catalogue\/wp-json\/wp\/v2\/types\/product"}],"version-history":[{"count":0,"href":"https:\/\/indie.rent\/catalogue\/wp-json\/wp\/v2\/product\/3939\/revisions"}],"wp:featuredmedia":[{"embeddable":true,"href":"https:\/\/indie.rent\/catalogue\/wp-json\/wp\/v2\/media\/3949"}],"wp:attachment":[{"href":"https:\/\/indie.rent\/catalogue\/wp-json\/wp\/v2\/media?parent=3939"}],"wp:term":[{"taxonomy":"product_brand","embeddable":true,"href":"https:\/\/indie.rent\/catalogue\/wp-json\/wp\/v2\/product_brand?post=3939"},{"taxonomy":"product_cat","embeddable":true,"href":"https:\/\/indie.rent\/catalogue\/wp-json\/wp\/v2\/product_cat?post=3939"},{"taxonomy":"product_tag","embeddable":true,"href":"https:\/\/indie.rent\/catalogue\/wp-json\/wp\/v2\/product_tag?post=3939"}],"curies":[{"name":"wp","href":"https:\/\/api.w.org\/{rel}","templated":true}]}}