{"id":3938,"date":"2025-06-05T15:33:40","date_gmt":"2025-06-05T13:33:40","guid":{"rendered":"https:\/\/indie.rent\/catalogue\/produit\/adaptateur-et-microphone-xlr-k2m\/"},"modified":"2026-04-04T00:13:28","modified_gmt":"2026-04-03T22:13:28","slug":"adaptateur-micro-sony-xlr-a2m","status":"publish","type":"product","link":"https:\/\/indie.rent\/catalogue\/produit\/adaptateur-micro-sony-xlr-a2m\/","title":{"rendered":"Adaptateur micro Sony XLR A2M"},"content":{"rendered":"<p>L&#8217;adaptateur micro Sony XLR A2M vous permet de b\u00e9n\u00e9ficier d&#8217;un son de qualit\u00e9 sup\u00e9rieur en sortie d&#8217;appareil photo hybride ou cam\u00e9scope Sony. L&#8217;adaptateur est compos\u00e9 d&#8217;un micro et d&#8217;une bonnette se fixe facilement sur la griffe de l&#8217;appareil photo et permet d&#8217;acc\u00e9der \u00e0 des r\u00e9glages sons plus pr\u00e9cis. Le porte-micro permet d&#8217;amortir les bruits de vibration et les deux entr\u00e9es XLR permettent donc de coupler deux micros. L&#8217;adaptateur ne n\u00e9cessite aucun cabl\u00e2ge particulier et fonctionne en alimentation fant\u00f4me \u00e9vitant l&#8217;utilisation de batteries tiers. <\/p>\n<p>Cet outil est tr\u00e8s pratique pour les petites configurations de tournage\/reportage avec un set-up n\u00e9cessitant d&#8217;\u00eatre l\u00e9ger et r\u00e9duit sans ne faire aucun compromis pour le son.<\/p>\n","protected":false},"excerpt":{"rendered":"<p>L&#8217;adaptateur micro Sony XLR A2M vous permet de b\u00e9n\u00e9ficier d&#8217;un son de qualit\u00e9 sup\u00e9rieur en sortie d&#8217;appareil photo hybride ou cam\u00e9scope Sony. L&#8217;adaptateur est compos\u00e9 d&#8217;un micro et d&#8217;une bonnette se fixe facilement sur la griffe de l&#8217;appareil photo et permet d&#8217;acc\u00e9der \u00e0 des r\u00e9glages sons plus pr\u00e9cis. Le porte-micro permet d&#8217;amortir les bruits de [&hellip;]<\/p>\n","protected":false},"featured_media":3948,"template":"","meta":{"inline_featured_image":false},"product_brand":[],"product_cat":[2213],"product_tag":[],"class_list":{"0":"post-3938","1":"product","2":"type-product","3":"status-publish","4":"has-post-thumbnail","6":"product_cat-micro","8":"first","9":"instock","10":"taxable","11":"shipping-taxable","12":"purchasable","13":"product-type-rentable"},"acf":[],"_links":{"self":[{"href":"https:\/\/indie.rent\/catalogue\/wp-json\/wp\/v2\/product\/3938","targetHints":{"allow":["GET"]}}],"collection":[{"href":"https:\/\/indie.rent\/catalogue\/wp-json\/wp\/v2\/product"}],"about":[{"href":"https:\/\/indie.rent\/catalogue\/wp-json\/wp\/v2\/types\/product"}],"version-history":[{"count":3,"href":"https:\/\/indie.rent\/catalogue\/wp-json\/wp\/v2\/product\/3938\/revisions"}],"predecessor-version":[{"id":6618,"href":"https:\/\/indie.rent\/catalogue\/wp-json\/wp\/v2\/product\/3938\/revisions\/6618"}],"wp:featuredmedia":[{"embeddable":true,"href":"https:\/\/indie.rent\/catalogue\/wp-json\/wp\/v2\/media\/3948"}],"wp:attachment":[{"href":"https:\/\/indie.rent\/catalogue\/wp-json\/wp\/v2\/media?parent=3938"}],"wp:term":[{"taxonomy":"product_brand","embeddable":true,"href":"https:\/\/indie.rent\/catalogue\/wp-json\/wp\/v2\/product_brand?post=3938"},{"taxonomy":"product_cat","embeddable":true,"href":"https:\/\/indie.rent\/catalogue\/wp-json\/wp\/v2\/product_cat?post=3938"},{"taxonomy":"product_tag","embeddable":true,"href":"https:\/\/indie.rent\/catalogue\/wp-json\/wp\/v2\/product_tag?post=3938"}],"curies":[{"name":"wp","href":"https:\/\/api.w.org\/{rel}","templated":true}]}}