{"id":3937,"date":"2025-06-05T15:33:39","date_gmt":"2025-06-05T13:33:39","guid":{"rendered":"https:\/\/indie.rent\/catalogue\/produit\/kit-emetteur-recepteur-sans-fil-sennheiser-g4\/"},"modified":"2026-04-13T18:31:11","modified_gmt":"2026-04-13T16:31:11","slug":"kit-emetteur-recepteur-sans-fil-sennheiser-g4","status":"publish","type":"product","link":"https:\/\/indie.rent\/catalogue\/produit\/kit-emetteur-recepteur-sans-fil-sennheiser-g4\/","title":{"rendered":"Kit \u00c9metteur\/R\u00e9cepteur Sans Fil Sennheiser G4"},"content":{"rendered":"<p>Une solution audio de qualit\u00e9 de diffusion. Le plus haut niveau de flexibilit\u00e9 pour votre son vid\u00e9o et vos applications d\u2019enregistrement sur le terrain. Un syst\u00e8me de microphone sans fil robuste offrant un son d\u2019excellente qualit\u00e9, un montage simple et une utilisation conviviale.<\/p>\n<p>Points forts du du KIT HF EW 112P G4 :<\/p>\n<p>&#8211; Syst\u00e8me sans fil tout-en-un robuste d\u2019une grande flexibilit\u00e9 pour un son de qualit\u00e9 de diffusion<br \/>&#8211; Son et fabrication d\u2019excellente qualit\u00e9<br \/>&#8211; Utilisation simple et configuration rapide<br \/>&#8211; Transmission sans fil puissante et fiable<br \/>&#8211; Port\u00e9e : jusqu\u2019\u00e0 100 m\u00e8tres \/ 330 pieds<br \/>&#8211; Jusqu\u2019\u00e0 8 h d\u2019autonomie<\/p>\n<p>Des piles rechargeables sont fournis avec ce produit. Elles doivent nous \u00eatre restitu\u00e9es \u00e0 la fin de la location.<\/p>\n","protected":false},"excerpt":{"rendered":"<p>Une solution audio de qualit\u00e9 de diffusion. Le plus haut niveau de flexibilit\u00e9 pour votre son vid\u00e9o et vos applications d\u2019enregistrement sur le terrain. Un syst\u00e8me de microphone sans fil robuste offrant un son d\u2019excellente qualit\u00e9, un montage simple et une utilisation conviviale. Points forts du du KIT HF EW 112P G4 : &#8211; Syst\u00e8me [&hellip;]<\/p>\n","protected":false},"featured_media":3959,"template":"","meta":{"inline_featured_image":false},"product_brand":[],"product_cat":[2211],"product_tag":[],"class_list":{"0":"post-3937","1":"product","2":"type-product","3":"status-publish","4":"has-post-thumbnail","6":"product_cat-emetteur-recepteur-audio","8":"first","9":"instock","10":"taxable","11":"shipping-taxable","12":"purchasable","13":"product-type-rentable"},"acf":[],"_links":{"self":[{"href":"https:\/\/indie.rent\/catalogue\/wp-json\/wp\/v2\/product\/3937","targetHints":{"allow":["GET"]}}],"collection":[{"href":"https:\/\/indie.rent\/catalogue\/wp-json\/wp\/v2\/product"}],"about":[{"href":"https:\/\/indie.rent\/catalogue\/wp-json\/wp\/v2\/types\/product"}],"version-history":[{"count":0,"href":"https:\/\/indie.rent\/catalogue\/wp-json\/wp\/v2\/product\/3937\/revisions"}],"wp:featuredmedia":[{"embeddable":true,"href":"https:\/\/indie.rent\/catalogue\/wp-json\/wp\/v2\/media\/3959"}],"wp:attachment":[{"href":"https:\/\/indie.rent\/catalogue\/wp-json\/wp\/v2\/media?parent=3937"}],"wp:term":[{"taxonomy":"product_brand","embeddable":true,"href":"https:\/\/indie.rent\/catalogue\/wp-json\/wp\/v2\/product_brand?post=3937"},{"taxonomy":"product_cat","embeddable":true,"href":"https:\/\/indie.rent\/catalogue\/wp-json\/wp\/v2\/product_cat?post=3937"},{"taxonomy":"product_tag","embeddable":true,"href":"https:\/\/indie.rent\/catalogue\/wp-json\/wp\/v2\/product_tag?post=3937"}],"curies":[{"name":"wp","href":"https:\/\/api.w.org\/{rel}","templated":true}]}}