{"id":3929,"date":"2025-06-05T15:33:06","date_gmt":"2025-06-05T13:33:06","guid":{"rendered":"https:\/\/indie.rent\/catalogue\/produit\/systeme-decoute-sans-fil-sennheiser-ew-iem-g4\/"},"modified":"2026-04-13T18:49:46","modified_gmt":"2026-04-13T16:49:46","slug":"systeme-decoute-sans-fil-sennheiser-ew-iem-g4","status":"publish","type":"product","link":"https:\/\/indie.rent\/catalogue\/produit\/systeme-decoute-sans-fil-sennheiser-ew-iem-g4\/","title":{"rendered":"Syst\u00e8me d&#8217;\u00e9coute Sans Fil Sennheiser &#8211; EW IEM G4"},"content":{"rendered":"<p>Ce r\u00e9cepteur sans fil est \u00e0 coupler avec l&#8217;\u00e9metteur G4 de nos kits MICRO CRAVATE PORTABLE SANS FIL + G4. <\/p>\n<p>Des piles rechargeables sont fournis avec ce produit. Elles doivent nous \u00eatre restitu\u00e9es \u00e0 la fin de la location.<\/p>\n","protected":false},"excerpt":{"rendered":"<p>Ce r\u00e9cepteur sans fil est \u00e0 coupler avec l&#8217;\u00e9metteur G4 de nos kits MICRO CRAVATE PORTABLE SANS FIL + G4. Des piles rechargeables sont fournis avec ce produit. Elles doivent nous \u00eatre restitu\u00e9es \u00e0 la fin de la location.<\/p>\n","protected":false},"featured_media":3984,"template":"","meta":{"inline_featured_image":false},"product_brand":[],"product_cat":[2211],"product_tag":[],"class_list":{"0":"post-3929","1":"product","2":"type-product","3":"status-publish","4":"has-post-thumbnail","6":"product_cat-emetteur-recepteur-audio","8":"first","9":"instock","10":"taxable","11":"shipping-taxable","12":"purchasable","13":"product-type-rentable"},"acf":[],"_links":{"self":[{"href":"https:\/\/indie.rent\/catalogue\/wp-json\/wp\/v2\/product\/3929","targetHints":{"allow":["GET"]}}],"collection":[{"href":"https:\/\/indie.rent\/catalogue\/wp-json\/wp\/v2\/product"}],"about":[{"href":"https:\/\/indie.rent\/catalogue\/wp-json\/wp\/v2\/types\/product"}],"version-history":[{"count":0,"href":"https:\/\/indie.rent\/catalogue\/wp-json\/wp\/v2\/product\/3929\/revisions"}],"wp:featuredmedia":[{"embeddable":true,"href":"https:\/\/indie.rent\/catalogue\/wp-json\/wp\/v2\/media\/3984"}],"wp:attachment":[{"href":"https:\/\/indie.rent\/catalogue\/wp-json\/wp\/v2\/media?parent=3929"}],"wp:term":[{"taxonomy":"product_brand","embeddable":true,"href":"https:\/\/indie.rent\/catalogue\/wp-json\/wp\/v2\/product_brand?post=3929"},{"taxonomy":"product_cat","embeddable":true,"href":"https:\/\/indie.rent\/catalogue\/wp-json\/wp\/v2\/product_cat?post=3929"},{"taxonomy":"product_tag","embeddable":true,"href":"https:\/\/indie.rent\/catalogue\/wp-json\/wp\/v2\/product_tag?post=3929"}],"curies":[{"name":"wp","href":"https:\/\/api.w.org\/{rel}","templated":true}]}}