{"id":3928,"date":"2025-06-05T15:32:50","date_gmt":"2025-06-05T13:32:50","guid":{"rendered":"https:\/\/indie.rent\/catalogue\/produit\/kit-emetteur-recepteur-sans-fil-sennheiser-g2\/"},"modified":"2026-04-16T17:08:03","modified_gmt":"2026-04-16T15:08:03","slug":"kit-emetteur-recepteur-sans-fil-sennheiser-g2","status":"publish","type":"product","link":"https:\/\/indie.rent\/catalogue\/produit\/kit-emetteur-recepteur-sans-fil-sennheiser-g2\/","title":{"rendered":"Kit Emetteur\/R\u00e9cepteur Sans Fil Sennheiser G2"},"content":{"rendered":"<p>Emetteur\/r\u00e9cepteur audio HF  Sennheiser G2<\/p>\n<p>Des piles rechargeables sont fournis avec ce produit. Elles doivent nous \u00eatre restitu\u00e9es \u00e0 la fin de la location.<\/p>\n","protected":false},"excerpt":{"rendered":"<p>Emetteur\/r\u00e9cepteur audio HF Sennheiser G2 Des piles rechargeables sont fournis avec ce produit. Elles doivent nous \u00eatre restitu\u00e9es \u00e0 la fin de la location.<\/p>\n","protected":false},"featured_media":3947,"template":"","meta":{"inline_featured_image":false},"product_brand":[],"product_cat":[2211],"product_tag":[],"class_list":{"0":"post-3928","1":"product","2":"type-product","3":"status-publish","4":"has-post-thumbnail","6":"product_cat-emetteur-recepteur-audio","8":"first","9":"instock","10":"taxable","11":"shipping-taxable","12":"purchasable","13":"product-type-rentable"},"acf":[],"_links":{"self":[{"href":"https:\/\/indie.rent\/catalogue\/wp-json\/wp\/v2\/product\/3928","targetHints":{"allow":["GET"]}}],"collection":[{"href":"https:\/\/indie.rent\/catalogue\/wp-json\/wp\/v2\/product"}],"about":[{"href":"https:\/\/indie.rent\/catalogue\/wp-json\/wp\/v2\/types\/product"}],"version-history":[{"count":0,"href":"https:\/\/indie.rent\/catalogue\/wp-json\/wp\/v2\/product\/3928\/revisions"}],"wp:featuredmedia":[{"embeddable":true,"href":"https:\/\/indie.rent\/catalogue\/wp-json\/wp\/v2\/media\/3947"}],"wp:attachment":[{"href":"https:\/\/indie.rent\/catalogue\/wp-json\/wp\/v2\/media?parent=3928"}],"wp:term":[{"taxonomy":"product_brand","embeddable":true,"href":"https:\/\/indie.rent\/catalogue\/wp-json\/wp\/v2\/product_brand?post=3928"},{"taxonomy":"product_cat","embeddable":true,"href":"https:\/\/indie.rent\/catalogue\/wp-json\/wp\/v2\/product_cat?post=3928"},{"taxonomy":"product_tag","embeddable":true,"href":"https:\/\/indie.rent\/catalogue\/wp-json\/wp\/v2\/product_tag?post=3928"}],"curies":[{"name":"wp","href":"https:\/\/api.w.org\/{rel}","templated":true}]}}