{"id":3927,"date":"2025-06-05T15:31:40","date_gmt":"2025-06-05T13:31:40","guid":{"rendered":"https:\/\/indie.rent\/catalogue\/produit\/bonnette-super-shield-kit\/"},"modified":"2026-04-04T00:15:22","modified_gmt":"2026-04-03T22:15:22","slug":"bonnette-super-shield-kit","status":"publish","type":"product","link":"https:\/\/indie.rent\/catalogue\/produit\/bonnette-super-shield-kit\/","title":{"rendered":"Bonnette Super Shield Kit"},"content":{"rendered":"<p>Ce kit propos\u00e9 par Rycote comprend une bonnette anti-vent munie d&#8217;une coque rigide et d&#8217;un syst\u00e8me de suspension antichoc performant. Il s&#8217;agit d&#8217;une solution extr\u00eamement l\u00e9g\u00e8re qui permet de r\u00e9duire le bruit du vent et les sons ind\u00e9sirables. Ce kit est compatible avec les micros canon dont le diam\u00e8tre est compris entre 200 et 250 mm. L&#8217;utilisation du kit Super-Shield est tr\u00e8s simple et l&#8217;a\u00e9rodynamique est ajustable parfaitement. Il en va de m\u00eame pour la r\u00e9partition du poids du micro qui \u00e9vite \u00e0 la bonnette de s&#8217;incliner vers l&#8217;avant. Le syst\u00e8me de suspension antichoc brevet\u00e9 est \u00e9galement tr\u00e8s efficace contre les bruits de manipulation. Une bonnette anti-vent \u00e0 poils longs (Windjammer) est \u00e9galement incluse pour les prises de son r\u00e9alis\u00e9es \u00e0 l&#8217;ext\u00e9rieur en pr\u00e9sence de vent.<\/p>\n","protected":false},"excerpt":{"rendered":"<p>Ce kit propos\u00e9 par Rycote comprend une bonnette anti-vent munie d&#8217;une coque rigide et d&#8217;un syst\u00e8me de suspension antichoc performant. Il s&#8217;agit d&#8217;une solution extr\u00eamement l\u00e9g\u00e8re qui permet de r\u00e9duire le bruit du vent et les sons ind\u00e9sirables. Ce kit est compatible avec les micros canon dont le diam\u00e8tre est compris entre 200 et 250 [&hellip;]<\/p>\n","protected":false},"featured_media":3975,"template":"","meta":{"inline_featured_image":false},"product_brand":[],"product_cat":[2214],"product_tag":[],"class_list":{"0":"post-3927","1":"product","2":"type-product","3":"status-publish","4":"has-post-thumbnail","6":"product_cat-equipement-audio","8":"first","9":"instock","10":"taxable","11":"shipping-taxable","12":"purchasable","13":"product-type-rentable"},"acf":[],"_links":{"self":[{"href":"https:\/\/indie.rent\/catalogue\/wp-json\/wp\/v2\/product\/3927","targetHints":{"allow":["GET"]}}],"collection":[{"href":"https:\/\/indie.rent\/catalogue\/wp-json\/wp\/v2\/product"}],"about":[{"href":"https:\/\/indie.rent\/catalogue\/wp-json\/wp\/v2\/types\/product"}],"version-history":[{"count":0,"href":"https:\/\/indie.rent\/catalogue\/wp-json\/wp\/v2\/product\/3927\/revisions"}],"wp:featuredmedia":[{"embeddable":true,"href":"https:\/\/indie.rent\/catalogue\/wp-json\/wp\/v2\/media\/3975"}],"wp:attachment":[{"href":"https:\/\/indie.rent\/catalogue\/wp-json\/wp\/v2\/media?parent=3927"}],"wp:term":[{"taxonomy":"product_brand","embeddable":true,"href":"https:\/\/indie.rent\/catalogue\/wp-json\/wp\/v2\/product_brand?post=3927"},{"taxonomy":"product_cat","embeddable":true,"href":"https:\/\/indie.rent\/catalogue\/wp-json\/wp\/v2\/product_cat?post=3927"},{"taxonomy":"product_tag","embeddable":true,"href":"https:\/\/indie.rent\/catalogue\/wp-json\/wp\/v2\/product_tag?post=3927"}],"curies":[{"name":"wp","href":"https:\/\/api.w.org\/{rel}","templated":true}]}}