{"id":3920,"date":"2025-06-05T15:31:36","date_gmt":"2025-06-05T13:31:36","guid":{"rendered":"https:\/\/indie.rent\/catalogue\/produit\/micro-stereo-camera-mke-440\/"},"modified":"2026-04-04T00:14:44","modified_gmt":"2026-04-03T22:14:44","slug":"micro-stereo-camera-mke-440","status":"publish","type":"product","link":"https:\/\/indie.rent\/catalogue\/produit\/micro-stereo-camera-mke-440\/","title":{"rendered":"Micro St\u00e9reo Cam\u00e9ra MKE 440"},"content":{"rendered":"<p>Micro st\u00e9r\u00e9o pour cam\u00e9ra<br \/>Avec 2 mini-capsules directionnelles connect\u00e9es<br \/>Suppression du son ambiant et de fond tr\u00e8s effective<br \/>Se concentre \u00e0 l&#8217;avant<br \/>Suspension \u00e9lastique et bonnette internes<br \/>Filtre coupe-bas et sensibilit\u00e9 commutables<br \/>R\u00e9ponse en fr\u00e9quence: 50 &#8211; 20000 Hz<br \/>SPL Max: 132 dB<br \/>Directivit\u00e9: super cardio\u00efde<br \/>Fonctionne avec 2 piles AAA 1,5 Volt<br \/>Fiche mini-jack st\u00e9r\u00e9o 3,5 mm<br \/>Adaptateur sabot cam\u00e9ra<br \/>Dimensions: 67 x 106 x 128 mm<br \/>Poids: 165 g (sans piles)<\/p>\n","protected":false},"excerpt":{"rendered":"<p>Micro st\u00e9r\u00e9o pour cam\u00e9raAvec 2 mini-capsules directionnelles connect\u00e9esSuppression du son ambiant et de fond tr\u00e8s effectiveSe concentre \u00e0 l&#8217;avantSuspension \u00e9lastique et bonnette internesFiltre coupe-bas et sensibilit\u00e9 commutablesR\u00e9ponse en fr\u00e9quence: 50 &#8211; 20000 HzSPL Max: 132 dBDirectivit\u00e9: super cardio\u00efdeFonctionne avec 2 piles AAA 1,5 VoltFiche mini-jack st\u00e9r\u00e9o 3,5 mmAdaptateur sabot cam\u00e9raDimensions: 67 x 106 x 128 [&hellip;]<\/p>\n","protected":false},"featured_media":3964,"template":"","meta":{"inline_featured_image":false},"product_brand":[],"product_cat":[2213],"product_tag":[],"class_list":{"0":"post-3920","1":"product","2":"type-product","3":"status-publish","4":"has-post-thumbnail","6":"product_cat-micro","8":"first","9":"instock","10":"taxable","11":"shipping-taxable","12":"purchasable","13":"product-type-rentable"},"acf":[],"_links":{"self":[{"href":"https:\/\/indie.rent\/catalogue\/wp-json\/wp\/v2\/product\/3920","targetHints":{"allow":["GET"]}}],"collection":[{"href":"https:\/\/indie.rent\/catalogue\/wp-json\/wp\/v2\/product"}],"about":[{"href":"https:\/\/indie.rent\/catalogue\/wp-json\/wp\/v2\/types\/product"}],"version-history":[{"count":0,"href":"https:\/\/indie.rent\/catalogue\/wp-json\/wp\/v2\/product\/3920\/revisions"}],"wp:featuredmedia":[{"embeddable":true,"href":"https:\/\/indie.rent\/catalogue\/wp-json\/wp\/v2\/media\/3964"}],"wp:attachment":[{"href":"https:\/\/indie.rent\/catalogue\/wp-json\/wp\/v2\/media?parent=3920"}],"wp:term":[{"taxonomy":"product_brand","embeddable":true,"href":"https:\/\/indie.rent\/catalogue\/wp-json\/wp\/v2\/product_brand?post=3920"},{"taxonomy":"product_cat","embeddable":true,"href":"https:\/\/indie.rent\/catalogue\/wp-json\/wp\/v2\/product_cat?post=3920"},{"taxonomy":"product_tag","embeddable":true,"href":"https:\/\/indie.rent\/catalogue\/wp-json\/wp\/v2\/product_tag?post=3920"}],"curies":[{"name":"wp","href":"https:\/\/api.w.org\/{rel}","templated":true}]}}