{"id":392,"date":"2025-01-08T17:32:48","date_gmt":"2025-01-08T16:32:48","guid":{"rendered":"https:\/\/indie.rent\/catalogue\/produit\/serie-de-6-filtres-formatt-hitech-nd-firecrest-4x5-65-3-6-9-12-15-18\/"},"modified":"2026-04-04T00:13:23","modified_gmt":"2026-04-03T22:13:23","slug":"serie-de-6-filtres-formatt-hitech-nd-firecrest-4x5-65-3-6-9-12-15-18","status":"publish","type":"product","link":"https:\/\/indie.rent\/catalogue\/produit\/serie-de-6-filtres-formatt-hitech-nd-firecrest-4x5-65-3-6-9-12-15-18\/","title":{"rendered":"S\u00e9rie de 6 Filtres Formatt Hitech ND Firecrest \u2013 4&#215;5.65\u201c (3-6-9-12-15-18)"},"content":{"rendered":"<p>Firecrest ND sont des filtres ND r\u00e9volutionnaires de Formatt-Hitech. Contrairement aux filtres \u00e0 r\u00e9sine standard d&#8217;autres fabricants, ces filtres sont totalement neutres et ne pr\u00e9sentent aucune couleur. Les filtres sont en verre Schott Superwite de 2 mm. Le rev\u00eatement est coll\u00e9 au milieu pour obtenir une r\u00e9sistance maximale aux rayures.<\/p>\n","protected":false},"excerpt":{"rendered":"<p>Firecrest ND sont des filtres ND r\u00e9volutionnaires de Formatt-Hitech. Contrairement aux filtres \u00e0 r\u00e9sine standard d&#8217;autres fabricants, ces filtres sont totalement neutres et ne pr\u00e9sentent aucune couleur. Les filtres sont en verre Schott Superwite de 2 mm. Le rev\u00eatement est coll\u00e9 au milieu pour obtenir une r\u00e9sistance maximale aux rayures.<\/p>\n","protected":false},"featured_media":1858,"template":"","meta":{"inline_featured_image":false},"product_brand":[],"product_cat":[1939],"product_tag":[],"class_list":{"0":"post-392","1":"product","2":"type-product","3":"status-publish","4":"has-post-thumbnail","6":"product_cat-filtres-4x5-6-correction","8":"first","9":"instock","10":"taxable","11":"shipping-taxable","12":"purchasable","13":"product-type-rentable"},"acf":[],"_links":{"self":[{"href":"https:\/\/indie.rent\/catalogue\/wp-json\/wp\/v2\/product\/392","targetHints":{"allow":["GET"]}}],"collection":[{"href":"https:\/\/indie.rent\/catalogue\/wp-json\/wp\/v2\/product"}],"about":[{"href":"https:\/\/indie.rent\/catalogue\/wp-json\/wp\/v2\/types\/product"}],"version-history":[{"count":1,"href":"https:\/\/indie.rent\/catalogue\/wp-json\/wp\/v2\/product\/392\/revisions"}],"predecessor-version":[{"id":5533,"href":"https:\/\/indie.rent\/catalogue\/wp-json\/wp\/v2\/product\/392\/revisions\/5533"}],"wp:featuredmedia":[{"embeddable":true,"href":"https:\/\/indie.rent\/catalogue\/wp-json\/wp\/v2\/media\/1858"}],"wp:attachment":[{"href":"https:\/\/indie.rent\/catalogue\/wp-json\/wp\/v2\/media?parent=392"}],"wp:term":[{"taxonomy":"product_brand","embeddable":true,"href":"https:\/\/indie.rent\/catalogue\/wp-json\/wp\/v2\/product_brand?post=392"},{"taxonomy":"product_cat","embeddable":true,"href":"https:\/\/indie.rent\/catalogue\/wp-json\/wp\/v2\/product_cat?post=392"},{"taxonomy":"product_tag","embeddable":true,"href":"https:\/\/indie.rent\/catalogue\/wp-json\/wp\/v2\/product_tag?post=392"}],"curies":[{"name":"wp","href":"https:\/\/api.w.org\/{rel}","templated":true}]}}