{"id":388,"date":"2025-01-08T17:32:47","date_gmt":"2025-01-08T16:32:47","guid":{"rendered":"https:\/\/indie.rent\/catalogue\/produit\/serie-de-5-filtres-tiffen-pearlescent-4x5-65-1-8-1-4-1-2-1-2\/"},"modified":"2026-04-14T17:10:48","modified_gmt":"2026-04-14T15:10:48","slug":"serie-de-5-filtres-tiffen-pearlescent-4x5-65-1-8-1-4-1-2-1-2","status":"publish","type":"product","link":"https:\/\/indie.rent\/catalogue\/produit\/serie-de-5-filtres-tiffen-pearlescent-4x5-65-1-8-1-4-1-2-1-2\/","title":{"rendered":"Serie de 5 Filtres Tiffen Pearlescent 4&#215;5.65&#8243; (1\/8 &#8211; 1\/4 &#8211; 1\/2 &#8211; 1 &#8211; 2)"},"content":{"rendered":"<p>Les filtres Tiffen Pearlescent peuvent \u00eatre utilis\u00e9 pour adoucir d\u00e9lib\u00e9r\u00e9ment le contraste et r\u00e9duire la nettet\u00e9. Cela peut \u00eatre utile pour la cin\u00e9matographie num\u00e9rique \u00e0 haute r\u00e9solution afin de cr\u00e9er un r\u00e9sultat plus flatteur pour un sujet en r\u00e9duisant l&#8217;apparence des imperfections et en adoucissant les reflets. De plus, un halo nacr\u00e9 autour des reflets est cr\u00e9\u00e9, ce qui peut am\u00e9liorer davantage l&#8217;apparence d&#8217;un sujet.<\/p>\n<p>&#8211; Adoucit le contraste et r\u00e9duit la nettet\u00e9<br \/>&#8211; R\u00e9duit l\u2019apparence des imperfections et adoucit les reflets<br \/>&#8211; Cr\u00e9e un halo nacr\u00e9 autour des reflets<\/p>\n","protected":false},"excerpt":{"rendered":"<p>Les filtres Tiffen Pearlescent peuvent \u00eatre utilis\u00e9 pour adoucir d\u00e9lib\u00e9r\u00e9ment le contraste et r\u00e9duire la nettet\u00e9. Cela peut \u00eatre utile pour la cin\u00e9matographie num\u00e9rique \u00e0 haute r\u00e9solution afin de cr\u00e9er un r\u00e9sultat plus flatteur pour un sujet en r\u00e9duisant l&#8217;apparence des imperfections et en adoucissant les reflets. De plus, un halo nacr\u00e9 autour des reflets [&hellip;]<\/p>\n","protected":false},"featured_media":2480,"template":"","meta":{"inline_featured_image":false},"product_brand":[],"product_cat":[1938],"product_tag":[],"class_list":{"0":"post-388","1":"product","2":"type-product","3":"status-publish","4":"has-post-thumbnail","6":"product_cat-filtres-4x5-6-effets","8":"first","9":"instock","10":"taxable","11":"shipping-taxable","12":"purchasable","13":"product-type-rentable"},"acf":[],"_links":{"self":[{"href":"https:\/\/indie.rent\/catalogue\/wp-json\/wp\/v2\/product\/388","targetHints":{"allow":["GET"]}}],"collection":[{"href":"https:\/\/indie.rent\/catalogue\/wp-json\/wp\/v2\/product"}],"about":[{"href":"https:\/\/indie.rent\/catalogue\/wp-json\/wp\/v2\/types\/product"}],"version-history":[{"count":0,"href":"https:\/\/indie.rent\/catalogue\/wp-json\/wp\/v2\/product\/388\/revisions"}],"wp:featuredmedia":[{"embeddable":true,"href":"https:\/\/indie.rent\/catalogue\/wp-json\/wp\/v2\/media\/2480"}],"wp:attachment":[{"href":"https:\/\/indie.rent\/catalogue\/wp-json\/wp\/v2\/media?parent=388"}],"wp:term":[{"taxonomy":"product_brand","embeddable":true,"href":"https:\/\/indie.rent\/catalogue\/wp-json\/wp\/v2\/product_brand?post=388"},{"taxonomy":"product_cat","embeddable":true,"href":"https:\/\/indie.rent\/catalogue\/wp-json\/wp\/v2\/product_cat?post=388"},{"taxonomy":"product_tag","embeddable":true,"href":"https:\/\/indie.rent\/catalogue\/wp-json\/wp\/v2\/product_tag?post=388"}],"curies":[{"name":"wp","href":"https:\/\/api.w.org\/{rel}","templated":true}]}}