{"id":387,"date":"2025-01-08T17:32:47","date_gmt":"2025-01-08T16:32:47","guid":{"rendered":"https:\/\/indie.rent\/catalogue\/produit\/serie-de-4-filtres-tiffen-black-satin-4x5-6-1-8-1-4-1-2-1\/"},"modified":"2026-04-14T17:10:46","modified_gmt":"2026-04-14T15:10:46","slug":"serie-de-4-filtres-tiffen-black-satin-4x5-6-1-8-1-4-1-2-1","status":"publish","type":"product","link":"https:\/\/indie.rent\/catalogue\/produit\/serie-de-4-filtres-tiffen-black-satin-4x5-6-1-8-1-4-1-2-1\/","title":{"rendered":"S\u00e9rie de 4 Filtres Tiffen Black Satin 4&#215;5.6&#8243; (1\/8 -1\/4-1\/2-1)"},"content":{"rendered":"<p>S\u00e9rie de 4 filtres de diffusion Tiffen Black Satin en format 4&#215;5.65&#8243;, comprenant les densit\u00e9s : 1\/8 &#8211; 1\/4 &#8211; 1\/2 &#8211; 1<\/p>\n<p>Les filtres Tiffen Black Satin permettent la diffussion des hautes lumi\u00e8res avec la cr\u00e9ation de halos autour des sources lumineuses. La nettet\u00e9 globale de l&#8217;image est maintenue tout en r\u00e9duisant le contraste. Les textures prennent un aspect plus lisse r\u00e9duisant ainsi l&#8217;apparence des rides et autres imperfections.<\/p>\n<p>\u00a0<\/p>\n","protected":false},"excerpt":{"rendered":"<p>S\u00e9rie de 4 filtres de diffusion Tiffen Black Satin en format 4&#215;5.65&#8243;, comprenant les densit\u00e9s : 1\/8 &#8211; 1\/4 &#8211; 1\/2 &#8211; 1 Les filtres Tiffen Black Satin permettent la diffussion des hautes lumi\u00e8res avec la cr\u00e9ation de halos autour des sources lumineuses. La nettet\u00e9 globale de l&#8217;image est maintenue tout en r\u00e9duisant le contraste. [&hellip;]<\/p>\n","protected":false},"featured_media":2449,"template":"","meta":{"inline_featured_image":false},"product_brand":[],"product_cat":[1938],"product_tag":[],"class_list":{"0":"post-387","1":"product","2":"type-product","3":"status-publish","4":"has-post-thumbnail","6":"product_cat-filtres-4x5-6-effets","8":"first","9":"instock","10":"taxable","11":"shipping-taxable","12":"purchasable","13":"product-type-rentable"},"acf":[],"_links":{"self":[{"href":"https:\/\/indie.rent\/catalogue\/wp-json\/wp\/v2\/product\/387","targetHints":{"allow":["GET"]}}],"collection":[{"href":"https:\/\/indie.rent\/catalogue\/wp-json\/wp\/v2\/product"}],"about":[{"href":"https:\/\/indie.rent\/catalogue\/wp-json\/wp\/v2\/types\/product"}],"version-history":[{"count":0,"href":"https:\/\/indie.rent\/catalogue\/wp-json\/wp\/v2\/product\/387\/revisions"}],"wp:featuredmedia":[{"embeddable":true,"href":"https:\/\/indie.rent\/catalogue\/wp-json\/wp\/v2\/media\/2449"}],"wp:attachment":[{"href":"https:\/\/indie.rent\/catalogue\/wp-json\/wp\/v2\/media?parent=387"}],"wp:term":[{"taxonomy":"product_brand","embeddable":true,"href":"https:\/\/indie.rent\/catalogue\/wp-json\/wp\/v2\/product_brand?post=387"},{"taxonomy":"product_cat","embeddable":true,"href":"https:\/\/indie.rent\/catalogue\/wp-json\/wp\/v2\/product_cat?post=387"},{"taxonomy":"product_tag","embeddable":true,"href":"https:\/\/indie.rent\/catalogue\/wp-json\/wp\/v2\/product_tag?post=387"}],"curies":[{"name":"wp","href":"https:\/\/api.w.org\/{rel}","templated":true}]}}