{"id":385,"date":"2025-01-08T17:32:47","date_gmt":"2025-01-08T16:32:47","guid":{"rendered":"https:\/\/indie.rent\/catalogue\/produit\/serie-de-4-filtres-pancro-mitchell-4x5-65-a-b-c-d\/"},"modified":"2026-04-14T17:19:12","modified_gmt":"2026-04-14T15:19:12","slug":"serie-de-4-filtres-pancro-mitchell-4x5-65-a-b-c-d","status":"publish","type":"product","link":"https:\/\/indie.rent\/catalogue\/produit\/serie-de-4-filtres-pancro-mitchell-4x5-65-a-b-c-d\/","title":{"rendered":"S\u00e9rie de 4 Filtres Pancro Mitchell 4&#215;5.65&#8243; (A-B-C-D)"},"content":{"rendered":"<p>S\u00e9rie de 4 filtres de diffusion Pancro Mitchell en format 4&#215;5.65&#8243;, comprenant les densit\u00e9s :<br \/>A &#8211; B &#8211; C &#8211; D<\/p>\n<p>Les filtres de diffusion Mitchell r\u00e9sultent d&#8217;un processus de fabriquation brevet\u00e9 par Pancro, chaque filtre est con\u00e7u \u00e0 partir d&#8217;une seule pi\u00e8ce de verre \u00e0 s\u00e9lection optique.<\/p>\n<p>Leur effet notable sur les visages par exemple, est l&#8217;adoucissement des imperfections de la peau et notamment les rides en r\u00e9fractant une partie de la lumi\u00e8re passant par le filtre.<\/p>\n<p>Ils cr\u00e9ent \u00e9galement une ambiance diffuse en adoucissant les couleurs et en r\u00e9duisant la nettet\u00e9 globale d&#8217;une sc\u00e8ne.<\/p>\n","protected":false},"excerpt":{"rendered":"<p>S\u00e9rie de 4 filtres de diffusion Pancro Mitchell en format 4&#215;5.65&#8243;, comprenant les densit\u00e9s :A &#8211; B &#8211; C &#8211; D Les filtres de diffusion Mitchell r\u00e9sultent d&#8217;un processus de fabriquation brevet\u00e9 par Pancro, chaque filtre est con\u00e7u \u00e0 partir d&#8217;une seule pi\u00e8ce de verre \u00e0 s\u00e9lection optique. Leur effet notable sur les visages par [&hellip;]<\/p>\n","protected":false},"featured_media":1992,"template":"","meta":{"inline_featured_image":false},"product_brand":[],"product_cat":[1938],"product_tag":[],"class_list":{"0":"post-385","1":"product","2":"type-product","3":"status-publish","4":"has-post-thumbnail","6":"product_cat-filtres-4x5-6-effets","8":"first","9":"instock","10":"taxable","11":"shipping-taxable","12":"purchasable","13":"product-type-rentable"},"acf":[],"_links":{"self":[{"href":"https:\/\/indie.rent\/catalogue\/wp-json\/wp\/v2\/product\/385","targetHints":{"allow":["GET"]}}],"collection":[{"href":"https:\/\/indie.rent\/catalogue\/wp-json\/wp\/v2\/product"}],"about":[{"href":"https:\/\/indie.rent\/catalogue\/wp-json\/wp\/v2\/types\/product"}],"version-history":[{"count":0,"href":"https:\/\/indie.rent\/catalogue\/wp-json\/wp\/v2\/product\/385\/revisions"}],"wp:featuredmedia":[{"embeddable":true,"href":"https:\/\/indie.rent\/catalogue\/wp-json\/wp\/v2\/media\/1992"}],"wp:attachment":[{"href":"https:\/\/indie.rent\/catalogue\/wp-json\/wp\/v2\/media?parent=385"}],"wp:term":[{"taxonomy":"product_brand","embeddable":true,"href":"https:\/\/indie.rent\/catalogue\/wp-json\/wp\/v2\/product_brand?post=385"},{"taxonomy":"product_cat","embeddable":true,"href":"https:\/\/indie.rent\/catalogue\/wp-json\/wp\/v2\/product_cat?post=385"},{"taxonomy":"product_tag","embeddable":true,"href":"https:\/\/indie.rent\/catalogue\/wp-json\/wp\/v2\/product_tag?post=385"}],"curies":[{"name":"wp","href":"https:\/\/api.w.org\/{rel}","templated":true}]}}