{"id":382,"date":"2025-01-08T17:32:47","date_gmt":"2025-01-08T16:32:47","guid":{"rendered":"https:\/\/indie.rent\/catalogue\/produit\/optique-milvus-18mm-f2-8-51676394\/"},"modified":"2026-04-04T00:14:41","modified_gmt":"2026-04-03T22:14:41","slug":"optique-milvus-18mm-f2-8-51676394","status":"publish","type":"product","link":"https:\/\/indie.rent\/catalogue\/produit\/optique-milvus-18mm-f2-8-51676394\/","title":{"rendered":"Optique Milvus 18mm F2.8 &#8211; 51676394"},"content":{"rendered":"<p>Optique Milvus 18mm F2.8- CF: 12&#8243; \/ 0,25m<\/p>\n<p>Le Zeiss Milvus 18 mm est un objectif ultra-grand-angle de haute qualit\u00e9. L&#8217;objectif est sans compromis au niveau qualit\u00e9 d&#8217;image et structure.<\/p>\n<p>Caract\u00e9ristiques principales :<br \/>&#8211; Plage d&#8217;ouverture : f\/2.8 \u00e0 f\/22,<br \/>&#8211; 14 lentilles r\u00e9parties en 12 groupes,<br \/>&#8211; Rev\u00eatement antireflet Zeiss T*,<br \/>&#8211; Mise au point manuelle pr\u00e9cise,<br \/>&#8211; Construction en m\u00e9tal anodis\u00e9 avec bague de mise au point en caoutchouc,<br \/>&#8211; Etanche.<\/p>\n","protected":false},"excerpt":{"rendered":"<p>Optique Milvus 18mm F2.8- CF: 12&#8243; \/ 0,25m Le Zeiss Milvus 18 mm est un objectif ultra-grand-angle de haute qualit\u00e9. L&#8217;objectif est sans compromis au niveau qualit\u00e9 d&#8217;image et structure. Caract\u00e9ristiques principales :&#8211; Plage d&#8217;ouverture : f\/2.8 \u00e0 f\/22,&#8211; 14 lentilles r\u00e9parties en 12 groupes,&#8211; Rev\u00eatement antireflet Zeiss T*,&#8211; Mise au point manuelle pr\u00e9cise,&#8211; Construction [&hellip;]<\/p>\n","protected":false},"featured_media":2161,"template":"","meta":{"inline_featured_image":false},"product_brand":[],"product_cat":[1930],"product_tag":[],"class_list":{"0":"post-382","1":"product","2":"type-product","3":"status-publish","4":"has-post-thumbnail","6":"product_cat-optique-cine-ef","8":"first","9":"instock","10":"taxable","11":"shipping-taxable","12":"purchasable","13":"product-type-rentable"},"acf":[],"_links":{"self":[{"href":"https:\/\/indie.rent\/catalogue\/wp-json\/wp\/v2\/product\/382","targetHints":{"allow":["GET"]}}],"collection":[{"href":"https:\/\/indie.rent\/catalogue\/wp-json\/wp\/v2\/product"}],"about":[{"href":"https:\/\/indie.rent\/catalogue\/wp-json\/wp\/v2\/types\/product"}],"version-history":[{"count":1,"href":"https:\/\/indie.rent\/catalogue\/wp-json\/wp\/v2\/product\/382\/revisions"}],"predecessor-version":[{"id":5465,"href":"https:\/\/indie.rent\/catalogue\/wp-json\/wp\/v2\/product\/382\/revisions\/5465"}],"wp:featuredmedia":[{"embeddable":true,"href":"https:\/\/indie.rent\/catalogue\/wp-json\/wp\/v2\/media\/2161"}],"wp:attachment":[{"href":"https:\/\/indie.rent\/catalogue\/wp-json\/wp\/v2\/media?parent=382"}],"wp:term":[{"taxonomy":"product_brand","embeddable":true,"href":"https:\/\/indie.rent\/catalogue\/wp-json\/wp\/v2\/product_brand?post=382"},{"taxonomy":"product_cat","embeddable":true,"href":"https:\/\/indie.rent\/catalogue\/wp-json\/wp\/v2\/product_cat?post=382"},{"taxonomy":"product_tag","embeddable":true,"href":"https:\/\/indie.rent\/catalogue\/wp-json\/wp\/v2\/product_tag?post=382"}],"curies":[{"name":"wp","href":"https:\/\/api.w.org\/{rel}","templated":true}]}}