{"id":3809,"date":"2025-06-04T19:04:57","date_gmt":"2025-06-04T17:04:57","guid":{"rendered":"https:\/\/indie.rent\/catalogue\/produit\/x-slide-2-5m\/"},"modified":"2026-04-05T00:19:36","modified_gmt":"2026-04-04T22:19:36","slug":"x-slide-2-5m","status":"publish","type":"product","link":"https:\/\/indie.rent\/catalogue\/produit\/x-slide-2-5m\/","title":{"rendered":"X Slide 2.5m"},"content":{"rendered":"<p>Le X-SLID est un nouveau syst\u00e8me ULTRA LEGER d\u00e9velopp\u00e9 par CINESYL pour la vid\u00e9o l\u00e9g\u00e8re ou la photo (charge maxi 15 Kg). Sa conception le rend tr\u00e8s fluide et totalement silencieux. Il est modulable \u00e0 volont\u00e9 et s\u2019adapte \u00e0 tous les supports: tr\u00e9pieds tous types, bazookas, bol 75, 100, 150, montages avec des colliers, etc\u2026 <\/p>\n<p>Le chariot du X-SLID est constitu\u00e9 d\u2019un bol 100 pour accueillir les t\u00eates vid\u00e9o ou photo l\u00e9g\u00e8res. Il existe une r\u00e9duction pour les t\u00eates avec ball 75. Nous pouvons aussi vous proposer des t\u00eates Manfrotto en option.<\/p>\n","protected":false},"excerpt":{"rendered":"<p>Le X-SLID est un nouveau syst\u00e8me ULTRA LEGER d\u00e9velopp\u00e9 par CINESYL pour la vid\u00e9o l\u00e9g\u00e8re ou la photo (charge maxi 15 Kg). Sa conception le rend tr\u00e8s fluide et totalement silencieux. Il est modulable \u00e0 volont\u00e9 et s\u2019adapte \u00e0 tous les supports: tr\u00e9pieds tous types, bazookas, bol 75, 100, 150, montages avec des colliers, etc\u2026 [&hellip;]<\/p>\n","protected":false},"featured_media":3865,"template":"","meta":{"inline_featured_image":false},"product_brand":[],"product_cat":[2208],"product_tag":[],"class_list":{"0":"post-3809","1":"product","2":"type-product","3":"status-publish","4":"has-post-thumbnail","6":"product_cat-slider-cinesyl","8":"first","9":"instock","10":"taxable","11":"shipping-taxable","12":"purchasable","13":"product-type-rentable"},"acf":[],"_links":{"self":[{"href":"https:\/\/indie.rent\/catalogue\/wp-json\/wp\/v2\/product\/3809","targetHints":{"allow":["GET"]}}],"collection":[{"href":"https:\/\/indie.rent\/catalogue\/wp-json\/wp\/v2\/product"}],"about":[{"href":"https:\/\/indie.rent\/catalogue\/wp-json\/wp\/v2\/types\/product"}],"version-history":[{"count":0,"href":"https:\/\/indie.rent\/catalogue\/wp-json\/wp\/v2\/product\/3809\/revisions"}],"wp:featuredmedia":[{"embeddable":true,"href":"https:\/\/indie.rent\/catalogue\/wp-json\/wp\/v2\/media\/3865"}],"wp:attachment":[{"href":"https:\/\/indie.rent\/catalogue\/wp-json\/wp\/v2\/media?parent=3809"}],"wp:term":[{"taxonomy":"product_brand","embeddable":true,"href":"https:\/\/indie.rent\/catalogue\/wp-json\/wp\/v2\/product_brand?post=3809"},{"taxonomy":"product_cat","embeddable":true,"href":"https:\/\/indie.rent\/catalogue\/wp-json\/wp\/v2\/product_cat?post=3809"},{"taxonomy":"product_tag","embeddable":true,"href":"https:\/\/indie.rent\/catalogue\/wp-json\/wp\/v2\/product_tag?post=3809"}],"curies":[{"name":"wp","href":"https:\/\/api.w.org\/{rel}","templated":true}]}}