{"id":3807,"date":"2025-06-04T19:03:59","date_gmt":"2025-06-04T17:03:59","guid":{"rendered":"https:\/\/indie.rent\/catalogue\/produit\/feuille-de-gelatine-deffet-120x120cm-a-lunite-rosco-1991-super-heat-shield\/"},"modified":"2026-04-10T10:54:53","modified_gmt":"2026-04-10T08:54:53","slug":"feuille-de-gelatine-deffet-120x120cm-a-lunite-rosco-1991-super-heat-shield","status":"publish","type":"product","link":"https:\/\/indie.rent\/catalogue\/produit\/feuille-de-gelatine-deffet-120x120cm-a-lunite-rosco-1991-super-heat-shield\/","title":{"rendered":"Feuille de G\u00e9latine d&#8217;Effet 120x120cm \u00e0 l&#8217;unit\u00e9 &#8211; (Rosco 1991) &#8211; Super Heat Shield"},"content":{"rendered":"<p>BRAVO !<\/p>\n<p>Envoie rapidement le code \u00e0 hello@indie.rent pour activer un bon de 150\u20ac HT sur ta prochaine commande (valable \u00e0 partir de 500\u20ac\u00a0HT de location, hors v\u00e9hicule \/ studio \/ consommable).<\/p>\n<p>Cet Easter Egg sera valid\u00e9 si tu es le premier \u00e0 le transmettre !<\/p>\n","protected":false},"excerpt":{"rendered":"<p>BRAVO ! Envoie rapidement le code \u00e0 hello@indie.rent pour activer un bon de 150\u20ac HT sur ta prochaine commande (valable \u00e0 partir de 500\u20ac\u00a0HT de location, hors v\u00e9hicule \/ studio \/ consommable). Cet Easter Egg sera valid\u00e9 si tu es le premier \u00e0 le transmettre !<\/p>\n","protected":false},"featured_media":5021,"template":"","meta":{"inline_featured_image":false},"product_brand":[],"product_cat":[2230],"product_tag":[],"class_list":{"0":"post-3807","1":"product","2":"type-product","3":"status-publish","4":"has-post-thumbnail","6":"product_cat-gelatines-et-poly","8":"first","9":"instock","10":"taxable","11":"shipping-taxable","12":"purchasable","13":"product-type-simple"},"acf":[],"_links":{"self":[{"href":"https:\/\/indie.rent\/catalogue\/wp-json\/wp\/v2\/product\/3807","targetHints":{"allow":["GET"]}}],"collection":[{"href":"https:\/\/indie.rent\/catalogue\/wp-json\/wp\/v2\/product"}],"about":[{"href":"https:\/\/indie.rent\/catalogue\/wp-json\/wp\/v2\/types\/product"}],"version-history":[{"count":0,"href":"https:\/\/indie.rent\/catalogue\/wp-json\/wp\/v2\/product\/3807\/revisions"}],"wp:featuredmedia":[{"embeddable":true,"href":"https:\/\/indie.rent\/catalogue\/wp-json\/wp\/v2\/media\/5021"}],"wp:attachment":[{"href":"https:\/\/indie.rent\/catalogue\/wp-json\/wp\/v2\/media?parent=3807"}],"wp:term":[{"taxonomy":"product_brand","embeddable":true,"href":"https:\/\/indie.rent\/catalogue\/wp-json\/wp\/v2\/product_brand?post=3807"},{"taxonomy":"product_cat","embeddable":true,"href":"https:\/\/indie.rent\/catalogue\/wp-json\/wp\/v2\/product_cat?post=3807"},{"taxonomy":"product_tag","embeddable":true,"href":"https:\/\/indie.rent\/catalogue\/wp-json\/wp\/v2\/product_tag?post=3807"}],"curies":[{"name":"wp","href":"https:\/\/api.w.org\/{rel}","templated":true}]}}