{"id":3806,"date":"2025-06-04T19:03:58","date_gmt":"2025-06-04T17:03:58","guid":{"rendered":"https:\/\/indie.rent\/catalogue\/produit\/feuille-de-gelatine-heat-shield-a-lunite\/"},"modified":"2026-04-10T10:25:06","modified_gmt":"2026-04-10T08:25:06","slug":"feuille-de-gelatine-heat-shield-a-lunite","status":"publish","type":"product","link":"https:\/\/indie.rent\/catalogue\/produit\/feuille-de-gelatine-heat-shield-a-lunite\/","title":{"rendered":"Feuille de G\u00e9latine Heat Shield a l&#8217;unit\u00e9"},"content":{"rendered":"<p>Le Bouclier Thermique d\u00e9vie la chaleur vis \u00e0 vis du filtre couleur, en minimisant les effets des temp\u00e9ratures \u00e9lev\u00e9es. Lorsqu\u2019il est convenablement utilis\u00e9, il augmente la dur\u00e9e de vie des filtres couleur sur des dispositifs \u00e0 tr\u00e8s hautes temp\u00e9ratures sans r\u00e9duire la transmission de lumi\u00e8re.<\/p>\n<p>Feuille de G\u00e9latine Heat Shield 120x120cm<\/p>\n","protected":false},"excerpt":{"rendered":"<p>Le Bouclier Thermique d\u00e9vie la chaleur vis \u00e0 vis du filtre couleur, en minimisant les effets des temp\u00e9ratures \u00e9lev\u00e9es. Lorsqu\u2019il est convenablement utilis\u00e9, il augmente la dur\u00e9e de vie des filtres couleur sur des dispositifs \u00e0 tr\u00e8s hautes temp\u00e9ratures sans r\u00e9duire la transmission de lumi\u00e8re. Feuille de G\u00e9latine Heat Shield 120x120cm<\/p>\n","protected":false},"featured_media":3877,"template":"","meta":{"inline_featured_image":false},"product_brand":[],"product_cat":[2230],"product_tag":[],"class_list":{"0":"post-3806","1":"product","2":"type-product","3":"status-publish","4":"has-post-thumbnail","6":"product_cat-gelatines-et-poly","8":"first","9":"instock","10":"taxable","11":"shipping-taxable","12":"purchasable","13":"product-type-simple"},"acf":[],"_links":{"self":[{"href":"https:\/\/indie.rent\/catalogue\/wp-json\/wp\/v2\/product\/3806","targetHints":{"allow":["GET"]}}],"collection":[{"href":"https:\/\/indie.rent\/catalogue\/wp-json\/wp\/v2\/product"}],"about":[{"href":"https:\/\/indie.rent\/catalogue\/wp-json\/wp\/v2\/types\/product"}],"version-history":[{"count":0,"href":"https:\/\/indie.rent\/catalogue\/wp-json\/wp\/v2\/product\/3806\/revisions"}],"wp:featuredmedia":[{"embeddable":true,"href":"https:\/\/indie.rent\/catalogue\/wp-json\/wp\/v2\/media\/3877"}],"wp:attachment":[{"href":"https:\/\/indie.rent\/catalogue\/wp-json\/wp\/v2\/media?parent=3806"}],"wp:term":[{"taxonomy":"product_brand","embeddable":true,"href":"https:\/\/indie.rent\/catalogue\/wp-json\/wp\/v2\/product_brand?post=3806"},{"taxonomy":"product_cat","embeddable":true,"href":"https:\/\/indie.rent\/catalogue\/wp-json\/wp\/v2\/product_cat?post=3806"},{"taxonomy":"product_tag","embeddable":true,"href":"https:\/\/indie.rent\/catalogue\/wp-json\/wp\/v2\/product_tag?post=3806"}],"curies":[{"name":"wp","href":"https:\/\/api.w.org\/{rel}","templated":true}]}}