{"id":3805,"date":"2025-06-04T19:03:53","date_gmt":"2025-06-04T17:03:53","guid":{"rendered":"https:\/\/indie.rent\/catalogue\/produit\/babyboul\/"},"modified":"2026-04-05T00:15:21","modified_gmt":"2026-04-04T22:15:21","slug":"babyboul","status":"publish","type":"product","link":"https:\/\/indie.rent\/catalogue\/produit\/babyboul\/","title":{"rendered":"Babyboul"},"content":{"rendered":"<p>Polyvalente, la BABYBOUL peut se transformer en plateau travelling pour rouler sur rails. Elle peut recevoir le BOA ou un Bazooka avec des si\u00e8ges. Elle est \u00e9quip\u00e9e de frein, la direction se fait par volant ou tirant articul\u00e9, par l\u2019avant ou l\u2019arri\u00e8re du chassis. Les roues arri\u00e8res peuvent s\u2019\u00e9carter pour plus de stabilit\u00e9, ou se d\u00e9sacoupler pour gagner en encombrement.<\/p>\n<p>&#8211; Chariot avec roues de grand diam\u00e8tre.<br \/>&#8211; Dimension totale : 1.50 x 0.64.<br \/>&#8211; Planchers : 0.94 x 0.64.<br \/>&#8211; La direction peut \u00eatre assur\u00e9e par l\u2019avant ou par l\u2019arri\u00e8re avec le volant ou le tirant articul\u00e9.<br \/>&#8211; D\u00e9port bas.<br \/>&#8211; Planchers suppl\u00e9mentaires de 0.64 x 0.18.<br \/>&#8211; Barres de pouss\u00e9e amovibles.<br \/>&#8211; Syst\u00e8me de pivot avec deux si\u00e8ge permettant la mise en place d\u2019un Bazooka pneumatique CINESYL.<br \/>&#8211; Syst\u00e8me \u00ab Base Plate \u00bb avec 7 positions de montage possible.<br \/>\u2013 Un jeu de rollers pour le montage sur rails de travelling.<\/p>\n<p>* Peut rouler sur rails avec kit boggies en suppl\u00e9ment (idem plateau travelling alu).<br \/>** Il est conseill\u00e9 d&#8217;ajouter le kit d&#8217;accessoires &#8221;caisse blanche&#8221;.<\/p>\n","protected":false},"excerpt":{"rendered":"<p>Polyvalente, la BABYBOUL peut se transformer en plateau travelling pour rouler sur rails. Elle peut recevoir le BOA ou un Bazooka avec des si\u00e8ges. Elle est \u00e9quip\u00e9e de frein, la direction se fait par volant ou tirant articul\u00e9, par l\u2019avant ou l\u2019arri\u00e8re du chassis. Les roues arri\u00e8res peuvent s\u2019\u00e9carter pour plus de stabilit\u00e9, ou se [&hellip;]<\/p>\n","protected":false},"featured_media":3837,"template":"","meta":{"inline_featured_image":false},"product_brand":[],"product_cat":[2203],"product_tag":[],"class_list":{"0":"post-3805","1":"product","2":"type-product","3":"status-publish","4":"has-post-thumbnail","6":"product_cat-dolly-cinesyl","8":"first","9":"instock","10":"taxable","11":"shipping-taxable","12":"purchasable","13":"product-type-rentable"},"acf":[],"_links":{"self":[{"href":"https:\/\/indie.rent\/catalogue\/wp-json\/wp\/v2\/product\/3805","targetHints":{"allow":["GET"]}}],"collection":[{"href":"https:\/\/indie.rent\/catalogue\/wp-json\/wp\/v2\/product"}],"about":[{"href":"https:\/\/indie.rent\/catalogue\/wp-json\/wp\/v2\/types\/product"}],"version-history":[{"count":0,"href":"https:\/\/indie.rent\/catalogue\/wp-json\/wp\/v2\/product\/3805\/revisions"}],"wp:featuredmedia":[{"embeddable":true,"href":"https:\/\/indie.rent\/catalogue\/wp-json\/wp\/v2\/media\/3837"}],"wp:attachment":[{"href":"https:\/\/indie.rent\/catalogue\/wp-json\/wp\/v2\/media?parent=3805"}],"wp:term":[{"taxonomy":"product_brand","embeddable":true,"href":"https:\/\/indie.rent\/catalogue\/wp-json\/wp\/v2\/product_brand?post=3805"},{"taxonomy":"product_cat","embeddable":true,"href":"https:\/\/indie.rent\/catalogue\/wp-json\/wp\/v2\/product_cat?post=3805"},{"taxonomy":"product_tag","embeddable":true,"href":"https:\/\/indie.rent\/catalogue\/wp-json\/wp\/v2\/product_tag?post=3805"}],"curies":[{"name":"wp","href":"https:\/\/api.w.org\/{rel}","templated":true}]}}