{"id":3784,"date":"2025-06-04T18:53:54","date_gmt":"2025-06-04T16:53:54","guid":{"rendered":"https:\/\/indie.rent\/catalogue\/produit\/coupole-deportee-courte-120\/"},"modified":"2026-04-10T10:13:58","modified_gmt":"2026-04-10T08:13:58","slug":"coupole-deportee-courte-120-elemach","status":"publish","type":"product","link":"https:\/\/indie.rent\/catalogue\/produit\/coupole-deportee-courte-120-elemach\/","title":{"rendered":"Coupole D\u00e9port\u00e9e Courte 120 Elemach"},"content":{"rendered":"<p>Coupole D\u00e9port\u00e9e 120<\/p>\n","protected":false},"excerpt":{"rendered":"<p>Coupole D\u00e9port\u00e9e 120<\/p>\n","protected":false},"featured_media":3869,"template":"","meta":{"inline_featured_image":false},"product_brand":[],"product_cat":[2064],"product_tag":[],"class_list":{"0":"post-3784","1":"product","2":"type-product","3":"status-publish","4":"has-post-thumbnail","6":"product_cat-coupoles-120-150-et-montures-mitchell","8":"first","9":"instock","10":"taxable","11":"shipping-taxable","12":"purchasable","13":"product-type-rentable"},"acf":[],"_links":{"self":[{"href":"https:\/\/indie.rent\/catalogue\/wp-json\/wp\/v2\/product\/3784","targetHints":{"allow":["GET"]}}],"collection":[{"href":"https:\/\/indie.rent\/catalogue\/wp-json\/wp\/v2\/product"}],"about":[{"href":"https:\/\/indie.rent\/catalogue\/wp-json\/wp\/v2\/types\/product"}],"version-history":[{"count":0,"href":"https:\/\/indie.rent\/catalogue\/wp-json\/wp\/v2\/product\/3784\/revisions"}],"wp:featuredmedia":[{"embeddable":true,"href":"https:\/\/indie.rent\/catalogue\/wp-json\/wp\/v2\/media\/3869"}],"wp:attachment":[{"href":"https:\/\/indie.rent\/catalogue\/wp-json\/wp\/v2\/media?parent=3784"}],"wp:term":[{"taxonomy":"product_brand","embeddable":true,"href":"https:\/\/indie.rent\/catalogue\/wp-json\/wp\/v2\/product_brand?post=3784"},{"taxonomy":"product_cat","embeddable":true,"href":"https:\/\/indie.rent\/catalogue\/wp-json\/wp\/v2\/product_cat?post=3784"},{"taxonomy":"product_tag","embeddable":true,"href":"https:\/\/indie.rent\/catalogue\/wp-json\/wp\/v2\/product_tag?post=3784"}],"curies":[{"name":"wp","href":"https:\/\/api.w.org\/{rel}","templated":true}]}}