{"id":378,"date":"2025-01-08T17:32:46","date_gmt":"2025-01-08T16:32:46","guid":{"rendered":"https:\/\/indie.rent\/catalogue\/produit\/laowa-12mm-zero-d-cine-t-2-9-monture-e\/"},"modified":"2026-04-04T00:17:19","modified_gmt":"2026-04-03T22:17:19","slug":"laowa-12mm-zero-d-cine-t-2-9-monture-e-ff-o102-mm","status":"publish","type":"product","link":"https:\/\/indie.rent\/catalogue\/produit\/laowa-12mm-zero-d-cine-t-2-9-monture-e-ff-o102-mm\/","title":{"rendered":"LAOWA 12mm Zero-D Cine &#8211; T 2.9  &#8211; Monture E &#8211; FF &#8211; \u00d8102 mm"},"content":{"rendered":"<p>Le Laowa 12mm est un objectif grand angle connu pour ses distorsions g\u00e9om\u00e9triques minimes ainsi que son grand cerecle de couverture. Il peut aussi bien couvrir les capteurs plein format que vista vision (plus large que le plein format). Cela en fait une option grand angle id\u00e9ale pour les cam\u00e9ras de cin\u00e9ma et les appareils photo hybrides. Cet objectif poss\u00e8de une distance de mise au point minimale assez courte (18cm) avec une plage d&#8217;ouverture du diaphragme de T 2.9 \u00e0 T 22.<\/p>\n<p>Le Laowa 12mm est \u00e9galement id\u00e9al pour les tournages en cam\u00e9ras \u00e0 capteurs Super 35 gr\u00e2ce \u00e0 son champ de vision ultra-large \u00e9quivalent \u00e0 17 mm et \u00e0 sa polyvalence lors des passages \u00e0 des cam\u00e9ras grand format.<\/p>\n<p>Cet objectif Loawa 12 mm Zero-D Cine est compact et l\u00e9ger. Il mesure 87mm de long et p\u00e8se moins de 675 g. Il peut facilement \u00eatre mont\u00e9 sur tout type de syst\u00e8me de stabilisation.<\/p>\n","protected":false},"excerpt":{"rendered":"<p>Le Laowa 12mm est un objectif grand angle connu pour ses distorsions g\u00e9om\u00e9triques minimes ainsi que son grand cerecle de couverture. Il peut aussi bien couvrir les capteurs plein format que vista vision (plus large que le plein format). Cela en fait une option grand angle id\u00e9ale pour les cam\u00e9ras de cin\u00e9ma et les appareils [&hellip;]<\/p>\n","protected":false},"featured_media":2690,"template":"","meta":{"inline_featured_image":false},"product_brand":[],"product_cat":[1932],"product_tag":[],"class_list":{"0":"post-378","1":"product","2":"type-product","3":"status-publish","4":"has-post-thumbnail","6":"product_cat-optique-spherique-e","8":"first","9":"instock","10":"featured","11":"taxable","12":"shipping-taxable","13":"purchasable","14":"product-type-rentable"},"acf":[],"_links":{"self":[{"href":"https:\/\/indie.rent\/catalogue\/wp-json\/wp\/v2\/product\/378","targetHints":{"allow":["GET"]}}],"collection":[{"href":"https:\/\/indie.rent\/catalogue\/wp-json\/wp\/v2\/product"}],"about":[{"href":"https:\/\/indie.rent\/catalogue\/wp-json\/wp\/v2\/types\/product"}],"version-history":[{"count":4,"href":"https:\/\/indie.rent\/catalogue\/wp-json\/wp\/v2\/product\/378\/revisions"}],"predecessor-version":[{"id":6641,"href":"https:\/\/indie.rent\/catalogue\/wp-json\/wp\/v2\/product\/378\/revisions\/6641"}],"wp:featuredmedia":[{"embeddable":true,"href":"https:\/\/indie.rent\/catalogue\/wp-json\/wp\/v2\/media\/2690"}],"wp:attachment":[{"href":"https:\/\/indie.rent\/catalogue\/wp-json\/wp\/v2\/media?parent=378"}],"wp:term":[{"taxonomy":"product_brand","embeddable":true,"href":"https:\/\/indie.rent\/catalogue\/wp-json\/wp\/v2\/product_brand?post=378"},{"taxonomy":"product_cat","embeddable":true,"href":"https:\/\/indie.rent\/catalogue\/wp-json\/wp\/v2\/product_cat?post=378"},{"taxonomy":"product_tag","embeddable":true,"href":"https:\/\/indie.rent\/catalogue\/wp-json\/wp\/v2\/product_tag?post=378"}],"curies":[{"name":"wp","href":"https:\/\/api.w.org\/{rel}","templated":true}]}}