{"id":376,"date":"2025-01-08T17:32:46","date_gmt":"2025-01-08T16:32:46","guid":{"rendered":"https:\/\/indie.rent\/catalogue\/produit\/optique-laowa-macro-periprobe-21-24mm-t14-full-frame-pl\/"},"modified":"2026-04-04T00:16:40","modified_gmt":"2026-04-03T22:16:40","slug":"optique-laowa-macro-periprobe-21-24mm-t14-full-frame-pl","status":"publish","type":"product","link":"https:\/\/indie.rent\/catalogue\/produit\/optique-laowa-macro-periprobe-21-24mm-t14-full-frame-pl\/","title":{"rendered":"Optique Laowa Macro Periprobe 2:1 24mm T14 Full Frame &#8211; PL"},"content":{"rendered":"<p>L\u2019objectif est capable de faire le point tr\u00e8s pr\u00e8s du sujet, 2cm \u00e0 un grossissement de 2x. Il offre \u00e9galement une perspective plus large (85\u00b0) que d\u2019autres objectifs macro pour cr\u00e9er une perspective semblable \u00e0 celle vue par un insecte.<\/p>\n<p>Le Laowa 24mm T14 2X Periprobe (PL) offre une perspective plus large que les autres t\u00e9l\u00e9objectifs macro et la plage d\u2019ouverture va de T14 \u00e0 T40 ; il dispose donc d\u2019une plus grande profondeur de champ \u00e0 courte distance. Il est ainsi avantag\u00e9 lors de la prise de vue sur le terrain ou dans un studio, car il permet d\u2019inclure davantage d\u2019informations sur l\u2019arri\u00e8re-plan.<\/p>\n","protected":false},"excerpt":{"rendered":"<p>L\u2019objectif est capable de faire le point tr\u00e8s pr\u00e8s du sujet, 2cm \u00e0 un grossissement de 2x. Il offre \u00e9galement une perspective plus large (85\u00b0) que d\u2019autres objectifs macro pour cr\u00e9er une perspective semblable \u00e0 celle vue par un insecte. Le Laowa 24mm T14 2X Periprobe (PL) offre une perspective plus large que les autres [&hellip;]<\/p>\n","protected":false},"featured_media":2551,"template":"","meta":{"inline_featured_image":false},"product_brand":[],"product_cat":[1923],"product_tag":[],"class_list":{"0":"post-376","1":"product","2":"type-product","3":"status-publish","4":"has-post-thumbnail","6":"product_cat-optique-macro-pl","8":"first","9":"instock","10":"taxable","11":"shipping-taxable","12":"purchasable","13":"product-type-rentable"},"acf":[],"_links":{"self":[{"href":"https:\/\/indie.rent\/catalogue\/wp-json\/wp\/v2\/product\/376","targetHints":{"allow":["GET"]}}],"collection":[{"href":"https:\/\/indie.rent\/catalogue\/wp-json\/wp\/v2\/product"}],"about":[{"href":"https:\/\/indie.rent\/catalogue\/wp-json\/wp\/v2\/types\/product"}],"version-history":[{"count":2,"href":"https:\/\/indie.rent\/catalogue\/wp-json\/wp\/v2\/product\/376\/revisions"}],"predecessor-version":[{"id":5272,"href":"https:\/\/indie.rent\/catalogue\/wp-json\/wp\/v2\/product\/376\/revisions\/5272"}],"wp:featuredmedia":[{"embeddable":true,"href":"https:\/\/indie.rent\/catalogue\/wp-json\/wp\/v2\/media\/2551"}],"wp:attachment":[{"href":"https:\/\/indie.rent\/catalogue\/wp-json\/wp\/v2\/media?parent=376"}],"wp:term":[{"taxonomy":"product_brand","embeddable":true,"href":"https:\/\/indie.rent\/catalogue\/wp-json\/wp\/v2\/product_brand?post=376"},{"taxonomy":"product_cat","embeddable":true,"href":"https:\/\/indie.rent\/catalogue\/wp-json\/wp\/v2\/product_cat?post=376"},{"taxonomy":"product_tag","embeddable":true,"href":"https:\/\/indie.rent\/catalogue\/wp-json\/wp\/v2\/product_tag?post=376"}],"curies":[{"name":"wp","href":"https:\/\/api.w.org\/{rel}","templated":true}]}}