{"id":3746,"date":"2025-06-04T18:44:01","date_gmt":"2025-06-04T16:44:01","guid":{"rendered":"https:\/\/indie.rent\/catalogue\/produit\/feuille-de-gelatine-de-diffusion-120x120cm-a-lunite\/"},"modified":"2026-04-16T18:01:02","modified_gmt":"2026-04-16T16:01:02","slug":"feuille-de-gelatine-de-diffusion-120x120cm-a-lunite","status":"publish","type":"product","link":"https:\/\/indie.rent\/catalogue\/produit\/feuille-de-gelatine-de-diffusion-120x120cm-a-lunite\/","title":{"rendered":"Feuille de G\u00e9latine de Diffusion 120x120cm \u00e0 l&#8217;unit\u00e9"},"content":{"rendered":"<p>Feuille de G\u00e9latine Diffusion 120&#215;120 densit\u00e9 disponible :<br \/>&#8211; 1\/8<br \/>&#8211; 1\/4<br \/>&#8211; 1\/2<br \/>&#8211; Full<\/p>\n","protected":false},"excerpt":{"rendered":"<p>Feuille de G\u00e9latine Diffusion 120&#215;120 densit\u00e9 disponible :&#8211; 1\/8&#8211; 1\/4&#8211; 1\/2&#8211; Full<\/p>\n","protected":false},"featured_media":3876,"template":"","meta":{"inline_featured_image":false},"product_brand":[],"product_cat":[2230],"product_tag":[],"class_list":{"0":"post-3746","1":"product","2":"type-product","3":"status-publish","4":"has-post-thumbnail","6":"product_cat-gelatines-et-poly","8":"first","9":"outofstock","10":"taxable","11":"shipping-taxable","12":"purchasable","13":"product-type-simple"},"acf":[],"_links":{"self":[{"href":"https:\/\/indie.rent\/catalogue\/wp-json\/wp\/v2\/product\/3746","targetHints":{"allow":["GET"]}}],"collection":[{"href":"https:\/\/indie.rent\/catalogue\/wp-json\/wp\/v2\/product"}],"about":[{"href":"https:\/\/indie.rent\/catalogue\/wp-json\/wp\/v2\/types\/product"}],"version-history":[{"count":0,"href":"https:\/\/indie.rent\/catalogue\/wp-json\/wp\/v2\/product\/3746\/revisions"}],"wp:featuredmedia":[{"embeddable":true,"href":"https:\/\/indie.rent\/catalogue\/wp-json\/wp\/v2\/media\/3876"}],"wp:attachment":[{"href":"https:\/\/indie.rent\/catalogue\/wp-json\/wp\/v2\/media?parent=3746"}],"wp:term":[{"taxonomy":"product_brand","embeddable":true,"href":"https:\/\/indie.rent\/catalogue\/wp-json\/wp\/v2\/product_brand?post=3746"},{"taxonomy":"product_cat","embeddable":true,"href":"https:\/\/indie.rent\/catalogue\/wp-json\/wp\/v2\/product_cat?post=3746"},{"taxonomy":"product_tag","embeddable":true,"href":"https:\/\/indie.rent\/catalogue\/wp-json\/wp\/v2\/product_tag?post=3746"}],"curies":[{"name":"wp","href":"https:\/\/api.w.org\/{rel}","templated":true}]}}