{"id":3745,"date":"2025-06-04T18:44:01","date_gmt":"2025-06-04T16:44:01","guid":{"rendered":"https:\/\/indie.rent\/catalogue\/produit\/feuille-de-gelatine-de-correction-120x120cm-a-lunite\/"},"modified":"2026-04-10T10:25:02","modified_gmt":"2026-04-10T08:25:02","slug":"feuille-de-gelatine-de-correction-120x120cm-a-lunite","status":"publish","type":"product","link":"https:\/\/indie.rent\/catalogue\/produit\/feuille-de-gelatine-de-correction-120x120cm-a-lunite\/","title":{"rendered":"Feuille de G\u00e9latine de Correction 120x120cm \u00e0 l&#8217;unit\u00e9"},"content":{"rendered":"<p>Feuille de G\u00e9latine Correction 120&#215;120 densit\u00e9 disponible :<br \/>&#8211; CTO : 1\/8, 1\/4, 1\/2, Full<br \/>&#8211; CTB : 1\/8, 1\/4, 1\/2, Full<br \/>&#8211; CTS : 1\/8, 1\/4, 1\/2, Full<br \/>&#8211; Minus Green : 1\/8, 1\/4, 1\/2, Full<br \/>&#8211; Plus Green : 1\/8, 1\/4, 1\/2, Full<\/p>\n","protected":false},"excerpt":{"rendered":"<p>Feuille de G\u00e9latine Correction 120&#215;120 densit\u00e9 disponible :&#8211; CTO : 1\/8, 1\/4, 1\/2, Full&#8211; CTB : 1\/8, 1\/4, 1\/2, Full&#8211; CTS : 1\/8, 1\/4, 1\/2, Full&#8211; Minus Green : 1\/8, 1\/4, 1\/2, Full&#8211; Plus Green : 1\/8, 1\/4, 1\/2, Full<\/p>\n","protected":false},"featured_media":3875,"template":"","meta":{"inline_featured_image":false},"product_brand":[],"product_cat":[2230],"product_tag":[],"class_list":{"0":"post-3745","1":"product","2":"type-product","3":"status-publish","4":"has-post-thumbnail","6":"product_cat-gelatines-et-poly","8":"first","9":"outofstock","10":"taxable","11":"shipping-taxable","12":"purchasable","13":"product-type-simple"},"acf":[],"_links":{"self":[{"href":"https:\/\/indie.rent\/catalogue\/wp-json\/wp\/v2\/product\/3745","targetHints":{"allow":["GET"]}}],"collection":[{"href":"https:\/\/indie.rent\/catalogue\/wp-json\/wp\/v2\/product"}],"about":[{"href":"https:\/\/indie.rent\/catalogue\/wp-json\/wp\/v2\/types\/product"}],"version-history":[{"count":0,"href":"https:\/\/indie.rent\/catalogue\/wp-json\/wp\/v2\/product\/3745\/revisions"}],"wp:featuredmedia":[{"embeddable":true,"href":"https:\/\/indie.rent\/catalogue\/wp-json\/wp\/v2\/media\/3875"}],"wp:attachment":[{"href":"https:\/\/indie.rent\/catalogue\/wp-json\/wp\/v2\/media?parent=3745"}],"wp:term":[{"taxonomy":"product_brand","embeddable":true,"href":"https:\/\/indie.rent\/catalogue\/wp-json\/wp\/v2\/product_brand?post=3745"},{"taxonomy":"product_cat","embeddable":true,"href":"https:\/\/indie.rent\/catalogue\/wp-json\/wp\/v2\/product_cat?post=3745"},{"taxonomy":"product_tag","embeddable":true,"href":"https:\/\/indie.rent\/catalogue\/wp-json\/wp\/v2\/product_tag?post=3745"}],"curies":[{"name":"wp","href":"https:\/\/api.w.org\/{rel}","templated":true}]}}