{"id":3737,"date":"2025-06-04T18:43:36","date_gmt":"2025-06-04T16:43:36","guid":{"rendered":"https:\/\/indie.rent\/catalogue\/produit\/paire-de-cannes-stabilisatrices\/"},"modified":"2026-04-05T00:15:25","modified_gmt":"2026-04-04T22:15:25","slug":"paire-de-cannes-stabilisatrices","status":"publish","type":"product","link":"https:\/\/indie.rent\/catalogue\/produit\/paire-de-cannes-stabilisatrices\/","title":{"rendered":"Paire de Cannes Stabilisatrices"},"content":{"rendered":"<p>Les Cannes Stabilisatrices Cinesyl r\u00e9glables permettent de garder de niveau les sliders install\u00e9s sur Dolly et sur pieds de bazooka. Ainsi, vous pouvez \u00ab chercher \u00bb la place d\u00e9finitive de la cam\u00e9ra en bougeant la Dolly sans d\u00e9r\u00e9gler le slider.<\/p>\n<p>* Accessoire pour &#8220;Dolly F2&#8221;.<\/p>\n","protected":false},"excerpt":{"rendered":"<p>Les Cannes Stabilisatrices Cinesyl r\u00e9glables permettent de garder de niveau les sliders install\u00e9s sur Dolly et sur pieds de bazooka. Ainsi, vous pouvez \u00ab chercher \u00bb la place d\u00e9finitive de la cam\u00e9ra en bougeant la Dolly sans d\u00e9r\u00e9gler le slider. * Accessoire pour &#8220;Dolly F2&#8221;.<\/p>\n","protected":false},"featured_media":3856,"template":"","meta":{"inline_featured_image":false},"product_brand":[],"product_cat":[2203],"product_tag":[],"class_list":{"0":"post-3737","1":"product","2":"type-product","3":"status-publish","4":"has-post-thumbnail","6":"product_cat-dolly-cinesyl","8":"first","9":"instock","10":"taxable","11":"shipping-taxable","12":"purchasable","13":"product-type-rentable"},"acf":[],"_links":{"self":[{"href":"https:\/\/indie.rent\/catalogue\/wp-json\/wp\/v2\/product\/3737","targetHints":{"allow":["GET"]}}],"collection":[{"href":"https:\/\/indie.rent\/catalogue\/wp-json\/wp\/v2\/product"}],"about":[{"href":"https:\/\/indie.rent\/catalogue\/wp-json\/wp\/v2\/types\/product"}],"version-history":[{"count":0,"href":"https:\/\/indie.rent\/catalogue\/wp-json\/wp\/v2\/product\/3737\/revisions"}],"wp:featuredmedia":[{"embeddable":true,"href":"https:\/\/indie.rent\/catalogue\/wp-json\/wp\/v2\/media\/3856"}],"wp:attachment":[{"href":"https:\/\/indie.rent\/catalogue\/wp-json\/wp\/v2\/media?parent=3737"}],"wp:term":[{"taxonomy":"product_brand","embeddable":true,"href":"https:\/\/indie.rent\/catalogue\/wp-json\/wp\/v2\/product_brand?post=3737"},{"taxonomy":"product_cat","embeddable":true,"href":"https:\/\/indie.rent\/catalogue\/wp-json\/wp\/v2\/product_cat?post=3737"},{"taxonomy":"product_tag","embeddable":true,"href":"https:\/\/indie.rent\/catalogue\/wp-json\/wp\/v2\/product_tag?post=3737"}],"curies":[{"name":"wp","href":"https:\/\/api.w.org\/{rel}","templated":true}]}}