{"id":372,"date":"2025-01-08T17:32:45","date_gmt":"2025-01-08T16:32:45","guid":{"rendered":"https:\/\/indie.rent\/catalogue\/produit\/zoom-sony-fe-4-pz-28-135mm-f4-g-oss\/"},"modified":"2026-04-04T00:14:55","modified_gmt":"2026-04-03T22:14:55","slug":"zoom-sony-fe-pz-28-135mm-f4-g-oss-ff-%e2%88%8595-mm","status":"publish","type":"product","link":"https:\/\/indie.rent\/catalogue\/produit\/zoom-sony-fe-pz-28-135mm-f4-g-oss-ff-%e2%88%8595-mm\/","title":{"rendered":"Zoom SONY FE PZ 28-135mm F4 G OSS &#8211; FF &#8211; \u220595 mm"},"content":{"rendered":"<p>Zoom 28-135mm<\/p>\n<p>Le SELP28135G est un objectif zoom motoris\u00e9 qui a \u00e9t\u00e9 cr\u00e9\u00e9 pour satisfaire les besoins optiques et op\u00e9rationnels des professionnels et offrir des images vid\u00e9o de haute qualit\u00e9, y compris au format 4K, lorsqu&#8217;il est associ\u00e9 \u00e0 un cam\u00e9scope plein format 35 mm comme le ?7S ou \u00e0 un cam\u00e9scope Super 35 comme le PXW-FS7*. L&#8217;aspiration de la mise au point et le d\u00e9placement de l&#8217;image zoom\u00e9e ont \u00e9t\u00e9 r\u00e9duits au minimum, tandis que les \u00e9l\u00e9ments asph\u00e9riques et la technologie multi-couches avanc\u00e9e permet de supprimer efficacement l&#8217;aberration. Le fonctionnement silencieux est \u00e9galement une priorit\u00e9. Par cons\u00e9quent, un moteur SSM (\u00e0 ondes supersoniques) est utilis\u00e9 pour zoomer de mani\u00e8re pr\u00e9cise et en silence. Pour la premi\u00e8re fois, un objectif \u00e0 monture E est \u00e9quip\u00e9 de bagues de contr\u00f4le ind\u00e9pendantes pour le zoom, la mise au point et le diaphragme utilisant des diaphs physiques. Le stabilisateur d\u2019image SteadyShot int\u00e9gr\u00e9 vient compl\u00e9ter les performances exceptionnelles de ce remarquable objectif, qui prend en charge une focale constante de F4.<\/p>\n<p>Caract\u00e9ristiques principales :<br \/>&#8211; Trois bagues de contr\u00f4le ind\u00e9pendantes,<br \/>&#8211; Fonctionnement silencieux,<br \/>&#8211; Design compact qui r\u00e9siste \u00e0 la poussi\u00e8re et \u00e0 l&#8217;humidit\u00e9,<br \/>&#8211; Con\u00e7u pour r\u00e9pondre aux besoins des vid\u00e9astes professionnels, avec notamment le format 4K haute r\u00e9solution.<\/p>\n","protected":false},"excerpt":{"rendered":"<p>Zoom 28-135mm Le SELP28135G est un objectif zoom motoris\u00e9 qui a \u00e9t\u00e9 cr\u00e9\u00e9 pour satisfaire les besoins optiques et op\u00e9rationnels des professionnels et offrir des images vid\u00e9o de haute qualit\u00e9, y compris au format 4K, lorsqu&#8217;il est associ\u00e9 \u00e0 un cam\u00e9scope plein format 35 mm comme le ?7S ou \u00e0 un cam\u00e9scope Super 35 comme [&hellip;]<\/p>\n","protected":false},"featured_media":2226,"template":"","meta":{"inline_featured_image":false},"product_brand":[],"product_cat":[1934],"product_tag":[],"class_list":{"0":"post-372","1":"product","2":"type-product","3":"status-publish","4":"has-post-thumbnail","6":"product_cat-zoom-spherique-e","8":"first","9":"instock","10":"taxable","11":"shipping-taxable","12":"purchasable","13":"product-type-rentable"},"acf":[],"_links":{"self":[{"href":"https:\/\/indie.rent\/catalogue\/wp-json\/wp\/v2\/product\/372","targetHints":{"allow":["GET"]}}],"collection":[{"href":"https:\/\/indie.rent\/catalogue\/wp-json\/wp\/v2\/product"}],"about":[{"href":"https:\/\/indie.rent\/catalogue\/wp-json\/wp\/v2\/types\/product"}],"version-history":[{"count":3,"href":"https:\/\/indie.rent\/catalogue\/wp-json\/wp\/v2\/product\/372\/revisions"}],"predecessor-version":[{"id":6555,"href":"https:\/\/indie.rent\/catalogue\/wp-json\/wp\/v2\/product\/372\/revisions\/6555"}],"wp:featuredmedia":[{"embeddable":true,"href":"https:\/\/indie.rent\/catalogue\/wp-json\/wp\/v2\/media\/2226"}],"wp:attachment":[{"href":"https:\/\/indie.rent\/catalogue\/wp-json\/wp\/v2\/media?parent=372"}],"wp:term":[{"taxonomy":"product_brand","embeddable":true,"href":"https:\/\/indie.rent\/catalogue\/wp-json\/wp\/v2\/product_brand?post=372"},{"taxonomy":"product_cat","embeddable":true,"href":"https:\/\/indie.rent\/catalogue\/wp-json\/wp\/v2\/product_cat?post=372"},{"taxonomy":"product_tag","embeddable":true,"href":"https:\/\/indie.rent\/catalogue\/wp-json\/wp\/v2\/product_tag?post=372"}],"curies":[{"name":"wp","href":"https:\/\/api.w.org\/{rel}","templated":true}]}}