{"id":3707,"date":"2025-06-04T18:28:37","date_gmt":"2025-06-04T16:28:37","guid":{"rendered":"https:\/\/indie.rent\/catalogue\/produit\/pate-americaine-noire-au-metre\/"},"modified":"2026-04-04T00:16:17","modified_gmt":"2026-04-03T22:16:17","slug":"pate-americaine-noire-au-metre","status":"publish","type":"product","link":"https:\/\/indie.rent\/catalogue\/produit\/pate-americaine-noire-au-metre\/","title":{"rendered":"P\u00e2te Am\u00e9ricaine Noire au M\u00e8tre"},"content":{"rendered":"<p>P\u00e2te Am\u00e9ricaine Noire au M\u00e8tre<\/p>\n","protected":false},"excerpt":{"rendered":"<p>P\u00e2te Am\u00e9ricaine Noire au M\u00e8tre<\/p>\n","protected":false},"featured_media":3881,"template":"","meta":{"inline_featured_image":false},"product_brand":[],"product_cat":[2221],"product_tag":[],"class_list":{"0":"post-3707","1":"product","2":"type-product","3":"status-publish","4":"has-post-thumbnail","6":"product_cat-autres-adhesifs","8":"first","9":"instock","10":"taxable","11":"shipping-taxable","12":"purchasable","13":"product-type-simple"},"acf":[],"_links":{"self":[{"href":"https:\/\/indie.rent\/catalogue\/wp-json\/wp\/v2\/product\/3707","targetHints":{"allow":["GET"]}}],"collection":[{"href":"https:\/\/indie.rent\/catalogue\/wp-json\/wp\/v2\/product"}],"about":[{"href":"https:\/\/indie.rent\/catalogue\/wp-json\/wp\/v2\/types\/product"}],"version-history":[{"count":0,"href":"https:\/\/indie.rent\/catalogue\/wp-json\/wp\/v2\/product\/3707\/revisions"}],"wp:featuredmedia":[{"embeddable":true,"href":"https:\/\/indie.rent\/catalogue\/wp-json\/wp\/v2\/media\/3881"}],"wp:attachment":[{"href":"https:\/\/indie.rent\/catalogue\/wp-json\/wp\/v2\/media?parent=3707"}],"wp:term":[{"taxonomy":"product_brand","embeddable":true,"href":"https:\/\/indie.rent\/catalogue\/wp-json\/wp\/v2\/product_brand?post=3707"},{"taxonomy":"product_cat","embeddable":true,"href":"https:\/\/indie.rent\/catalogue\/wp-json\/wp\/v2\/product_cat?post=3707"},{"taxonomy":"product_tag","embeddable":true,"href":"https:\/\/indie.rent\/catalogue\/wp-json\/wp\/v2\/product_tag?post=3707"}],"curies":[{"name":"wp","href":"https:\/\/api.w.org\/{rel}","templated":true}]}}