{"id":3706,"date":"2025-06-04T18:28:36","date_gmt":"2025-06-04T16:28:36","guid":{"rendered":"https:\/\/indie.rent\/catalogue\/produit\/pate-americaine-blanche-au-metre\/"},"modified":"2026-04-04T00:15:52","modified_gmt":"2026-04-03T22:15:52","slug":"pate-americaine-blanche-au-metre","status":"publish","type":"product","link":"https:\/\/indie.rent\/catalogue\/produit\/pate-americaine-blanche-au-metre\/","title":{"rendered":"P\u00e2te Am\u00e9ricaine Blanche au M\u00e8tre"},"content":{"rendered":"<p>P\u00e2te Am\u00e9ricaine Blanche<\/p>\n","protected":false},"excerpt":{"rendered":"<p>P\u00e2te Am\u00e9ricaine Blanche<\/p>\n","protected":false},"featured_media":3873,"template":"","meta":{"inline_featured_image":false},"product_brand":[],"product_cat":[2221],"product_tag":[],"class_list":{"0":"post-3706","1":"product","2":"type-product","3":"status-publish","4":"has-post-thumbnail","6":"product_cat-autres-adhesifs","8":"first","9":"instock","10":"taxable","11":"shipping-taxable","12":"purchasable","13":"product-type-simple"},"acf":[],"_links":{"self":[{"href":"https:\/\/indie.rent\/catalogue\/wp-json\/wp\/v2\/product\/3706","targetHints":{"allow":["GET"]}}],"collection":[{"href":"https:\/\/indie.rent\/catalogue\/wp-json\/wp\/v2\/product"}],"about":[{"href":"https:\/\/indie.rent\/catalogue\/wp-json\/wp\/v2\/types\/product"}],"version-history":[{"count":1,"href":"https:\/\/indie.rent\/catalogue\/wp-json\/wp\/v2\/product\/3706\/revisions"}],"predecessor-version":[{"id":4594,"href":"https:\/\/indie.rent\/catalogue\/wp-json\/wp\/v2\/product\/3706\/revisions\/4594"}],"wp:featuredmedia":[{"embeddable":true,"href":"https:\/\/indie.rent\/catalogue\/wp-json\/wp\/v2\/media\/3873"}],"wp:attachment":[{"href":"https:\/\/indie.rent\/catalogue\/wp-json\/wp\/v2\/media?parent=3706"}],"wp:term":[{"taxonomy":"product_brand","embeddable":true,"href":"https:\/\/indie.rent\/catalogue\/wp-json\/wp\/v2\/product_brand?post=3706"},{"taxonomy":"product_cat","embeddable":true,"href":"https:\/\/indie.rent\/catalogue\/wp-json\/wp\/v2\/product_cat?post=3706"},{"taxonomy":"product_tag","embeddable":true,"href":"https:\/\/indie.rent\/catalogue\/wp-json\/wp\/v2\/product_tag?post=3706"}],"curies":[{"name":"wp","href":"https:\/\/api.w.org\/{rel}","templated":true}]}}