{"id":3705,"date":"2025-06-04T18:28:32","date_gmt":"2025-06-04T16:28:32","guid":{"rendered":"https:\/\/indie.rent\/catalogue\/produit\/velcro-adhesif-boucle-au-metre-25mm\/"},"modified":"2026-04-13T18:27:22","modified_gmt":"2026-04-13T16:27:22","slug":"velcro-adhesif-boucle-au-metre-25mm","status":"publish","type":"product","link":"https:\/\/indie.rent\/catalogue\/produit\/velcro-adhesif-boucle-au-metre-25mm\/","title":{"rendered":"Velcro Adh\u00e9sif Boucle au M\u00e8tre (25mm)"},"content":{"rendered":"<p>Velcro adh\u00e9sif (25mm) doux<\/p>\n","protected":false},"excerpt":{"rendered":"<p>Velcro adh\u00e9sif (25mm) doux<\/p>\n","protected":false},"featured_media":3816,"template":"","meta":{"inline_featured_image":false},"product_brand":[],"product_cat":[2222],"product_tag":[],"class_list":{"0":"post-3705","1":"product","2":"type-product","3":"status-publish","4":"has-post-thumbnail","6":"product_cat-velcros","8":"first","9":"instock","10":"taxable","11":"shipping-taxable","12":"purchasable","13":"product-type-simple"},"acf":[],"_links":{"self":[{"href":"https:\/\/indie.rent\/catalogue\/wp-json\/wp\/v2\/product\/3705","targetHints":{"allow":["GET"]}}],"collection":[{"href":"https:\/\/indie.rent\/catalogue\/wp-json\/wp\/v2\/product"}],"about":[{"href":"https:\/\/indie.rent\/catalogue\/wp-json\/wp\/v2\/types\/product"}],"version-history":[{"count":0,"href":"https:\/\/indie.rent\/catalogue\/wp-json\/wp\/v2\/product\/3705\/revisions"}],"wp:featuredmedia":[{"embeddable":true,"href":"https:\/\/indie.rent\/catalogue\/wp-json\/wp\/v2\/media\/3816"}],"wp:attachment":[{"href":"https:\/\/indie.rent\/catalogue\/wp-json\/wp\/v2\/media?parent=3705"}],"wp:term":[{"taxonomy":"product_brand","embeddable":true,"href":"https:\/\/indie.rent\/catalogue\/wp-json\/wp\/v2\/product_brand?post=3705"},{"taxonomy":"product_cat","embeddable":true,"href":"https:\/\/indie.rent\/catalogue\/wp-json\/wp\/v2\/product_cat?post=3705"},{"taxonomy":"product_tag","embeddable":true,"href":"https:\/\/indie.rent\/catalogue\/wp-json\/wp\/v2\/product_tag?post=3705"}],"curies":[{"name":"wp","href":"https:\/\/api.w.org\/{rel}","templated":true}]}}