{"id":3703,"date":"2025-06-04T18:22:36","date_gmt":"2025-06-04T16:22:36","guid":{"rendered":"https:\/\/indie.rent\/catalogue\/produit\/cable-xlr-3-male-vers-xlr-3-femelle-audio\/"},"modified":"2026-04-04T00:13:35","modified_gmt":"2026-04-03T22:13:35","slug":"cable-audio-xlr-3-male-vers-xlr-3-femelle-6-metres","status":"publish","type":"product","link":"https:\/\/indie.rent\/catalogue\/produit\/cable-audio-xlr-3-male-vers-xlr-3-femelle-6-metres\/","title":{"rendered":"C\u00e2ble Audio XLR 3 M\u00e2le vers XLR  3 Femelle (6 m\u00e8tres)"},"content":{"rendered":"<p>C\u00e2ble XLR M\u00e2le vers XLR Femelle &#8211; XLR 3 Broches<\/p>\n","protected":false},"excerpt":{"rendered":"<p>C\u00e2ble XLR M\u00e2le vers XLR Femelle &#8211; XLR 3 Broches<\/p>\n","protected":false},"featured_media":3811,"template":"","meta":{"inline_featured_image":false},"product_brand":[],"product_cat":[2214],"product_tag":[],"class_list":{"0":"post-3703","1":"product","2":"type-product","3":"status-publish","4":"has-post-thumbnail","6":"product_cat-equipement-audio","8":"first","9":"instock","10":"taxable","11":"shipping-taxable","12":"purchasable","13":"product-type-rentable"},"acf":[],"_links":{"self":[{"href":"https:\/\/indie.rent\/catalogue\/wp-json\/wp\/v2\/product\/3703","targetHints":{"allow":["GET"]}}],"collection":[{"href":"https:\/\/indie.rent\/catalogue\/wp-json\/wp\/v2\/product"}],"about":[{"href":"https:\/\/indie.rent\/catalogue\/wp-json\/wp\/v2\/types\/product"}],"version-history":[{"count":1,"href":"https:\/\/indie.rent\/catalogue\/wp-json\/wp\/v2\/product\/3703\/revisions"}],"predecessor-version":[{"id":6676,"href":"https:\/\/indie.rent\/catalogue\/wp-json\/wp\/v2\/product\/3703\/revisions\/6676"}],"wp:featuredmedia":[{"embeddable":true,"href":"https:\/\/indie.rent\/catalogue\/wp-json\/wp\/v2\/media\/3811"}],"wp:attachment":[{"href":"https:\/\/indie.rent\/catalogue\/wp-json\/wp\/v2\/media?parent=3703"}],"wp:term":[{"taxonomy":"product_brand","embeddable":true,"href":"https:\/\/indie.rent\/catalogue\/wp-json\/wp\/v2\/product_brand?post=3703"},{"taxonomy":"product_cat","embeddable":true,"href":"https:\/\/indie.rent\/catalogue\/wp-json\/wp\/v2\/product_cat?post=3703"},{"taxonomy":"product_tag","embeddable":true,"href":"https:\/\/indie.rent\/catalogue\/wp-json\/wp\/v2\/product_tag?post=3703"}],"curies":[{"name":"wp","href":"https:\/\/api.w.org\/{rel}","templated":true}]}}