{"id":3702,"date":"2025-06-04T18:22:36","date_gmt":"2025-06-04T16:22:36","guid":{"rendered":"https:\/\/indie.rent\/catalogue\/produit\/butyle-pate-adhesive-translucide-au-metre\/"},"modified":"2026-04-04T00:17:29","modified_gmt":"2026-04-03T22:17:29","slug":"butyle-pate-adhesive-translucide-au-metre","status":"publish","type":"product","link":"https:\/\/indie.rent\/catalogue\/produit\/butyle-pate-adhesive-translucide-au-metre\/","title":{"rendered":"Butyle &#8211; P\u00e2te Adh\u00e9sive Translucide au m\u00e8tre"},"content":{"rendered":"","protected":false},"excerpt":{"rendered":"","protected":false},"featured_media":3893,"template":"","meta":{"inline_featured_image":false},"product_brand":[],"product_cat":[2221],"product_tag":[],"class_list":{"0":"post-3702","1":"product","2":"type-product","3":"status-publish","4":"has-post-thumbnail","6":"product_cat-autres-adhesifs","8":"first","9":"instock","10":"taxable","11":"shipping-taxable","12":"purchasable","13":"product-type-simple"},"acf":[],"_links":{"self":[{"href":"https:\/\/indie.rent\/catalogue\/wp-json\/wp\/v2\/product\/3702","targetHints":{"allow":["GET"]}}],"collection":[{"href":"https:\/\/indie.rent\/catalogue\/wp-json\/wp\/v2\/product"}],"about":[{"href":"https:\/\/indie.rent\/catalogue\/wp-json\/wp\/v2\/types\/product"}],"version-history":[{"count":0,"href":"https:\/\/indie.rent\/catalogue\/wp-json\/wp\/v2\/product\/3702\/revisions"}],"wp:featuredmedia":[{"embeddable":true,"href":"https:\/\/indie.rent\/catalogue\/wp-json\/wp\/v2\/media\/3893"}],"wp:attachment":[{"href":"https:\/\/indie.rent\/catalogue\/wp-json\/wp\/v2\/media?parent=3702"}],"wp:term":[{"taxonomy":"product_brand","embeddable":true,"href":"https:\/\/indie.rent\/catalogue\/wp-json\/wp\/v2\/product_brand?post=3702"},{"taxonomy":"product_cat","embeddable":true,"href":"https:\/\/indie.rent\/catalogue\/wp-json\/wp\/v2\/product_cat?post=3702"},{"taxonomy":"product_tag","embeddable":true,"href":"https:\/\/indie.rent\/catalogue\/wp-json\/wp\/v2\/product_tag?post=3702"}],"curies":[{"name":"wp","href":"https:\/\/api.w.org\/{rel}","templated":true}]}}