{"id":362,"date":"2025-01-08T17:32:43","date_gmt":"2025-01-08T16:32:43","guid":{"rendered":"https:\/\/indie.rent\/catalogue\/produit\/objectif-canon-macro-mp-e-65mm-f-2-8-1-5x\/"},"modified":"2026-04-04T00:16:03","modified_gmt":"2026-04-03T22:16:03","slug":"objectif-canon-macro-mp-e-65mm-f-2-8-1-5x-o58","status":"publish","type":"product","link":"https:\/\/indie.rent\/catalogue\/produit\/objectif-canon-macro-mp-e-65mm-f-2-8-1-5x-o58\/","title":{"rendered":"Objectif Canon Macro MP-E 65mm f\/2.8 1-5x \u00d858"},"content":{"rendered":"<p>Cet objectif macro unique est con\u00e7u pour offrir un agrandissement sup\u00e9rieur \u00e0 la taille r\u00e9elle (1\u00d7) sans accessoires suppl\u00e9mentaires.<\/p>\n<p>POINTS FORTS : <br \/>&#8211; Focale de 65 mm (format 24 \u00d7 36)<br \/>&#8211; Mise au point manuelle et collier de tr\u00e9pied int\u00e9gr\u00e9<br \/>&#8211; Distance de mise au point minimale de 24 cm, grossissement jusqu&#8217;\u00e0 5\u00d7 la taille r\u00e9elle<br \/>&#8211; Lentille en verre UD<br \/>&#8211; Taille du filtre 58 mm<\/p>\n","protected":false},"excerpt":{"rendered":"<p>Cet objectif macro unique est con\u00e7u pour offrir un agrandissement sup\u00e9rieur \u00e0 la taille r\u00e9elle (1\u00d7) sans accessoires suppl\u00e9mentaires. POINTS FORTS : &#8211; Focale de 65 mm (format 24 \u00d7 36)&#8211; Mise au point manuelle et collier de tr\u00e9pied int\u00e9gr\u00e9&#8211; Distance de mise au point minimale de 24 cm, grossissement jusqu&#8217;\u00e0 5\u00d7 la taille r\u00e9elle&#8211; [&hellip;]<\/p>\n","protected":false},"featured_media":2448,"template":"","meta":{"inline_featured_image":false},"product_brand":[],"product_cat":[1927],"product_tag":[],"class_list":{"0":"post-362","1":"product","2":"type-product","3":"status-publish","4":"has-post-thumbnail","6":"product_cat-optique-macro-ef","8":"first","9":"instock","10":"taxable","11":"shipping-taxable","12":"purchasable","13":"product-type-rentable"},"acf":[],"_links":{"self":[{"href":"https:\/\/indie.rent\/catalogue\/wp-json\/wp\/v2\/product\/362","targetHints":{"allow":["GET"]}}],"collection":[{"href":"https:\/\/indie.rent\/catalogue\/wp-json\/wp\/v2\/product"}],"about":[{"href":"https:\/\/indie.rent\/catalogue\/wp-json\/wp\/v2\/types\/product"}],"version-history":[{"count":2,"href":"https:\/\/indie.rent\/catalogue\/wp-json\/wp\/v2\/product\/362\/revisions"}],"predecessor-version":[{"id":5452,"href":"https:\/\/indie.rent\/catalogue\/wp-json\/wp\/v2\/product\/362\/revisions\/5452"}],"wp:featuredmedia":[{"embeddable":true,"href":"https:\/\/indie.rent\/catalogue\/wp-json\/wp\/v2\/media\/2448"}],"wp:attachment":[{"href":"https:\/\/indie.rent\/catalogue\/wp-json\/wp\/v2\/media?parent=362"}],"wp:term":[{"taxonomy":"product_brand","embeddable":true,"href":"https:\/\/indie.rent\/catalogue\/wp-json\/wp\/v2\/product_brand?post=362"},{"taxonomy":"product_cat","embeddable":true,"href":"https:\/\/indie.rent\/catalogue\/wp-json\/wp\/v2\/product_cat?post=362"},{"taxonomy":"product_tag","embeddable":true,"href":"https:\/\/indie.rent\/catalogue\/wp-json\/wp\/v2\/product_tag?post=362"}],"curies":[{"name":"wp","href":"https:\/\/api.w.org\/{rel}","templated":true}]}}