{"id":361,"date":"2025-01-08T17:32:41","date_gmt":"2025-01-08T16:32:41","guid":{"rendered":"https:\/\/indie.rent\/catalogue\/produit\/option-2-livraison-materiel-indie-au-studio\/"},"modified":"2026-04-15T17:47:59","modified_gmt":"2026-04-15T15:47:59","slug":"option-2-livraison-materiel-indie-au-studio","status":"publish","type":"product","link":"https:\/\/indie.rent\/catalogue\/produit\/option-2-livraison-materiel-indie-au-studio\/","title":{"rendered":"Option 2 &#8211; Livraison mat\u00e9riel INDIE au Studio"},"content":{"rendered":"<p>Avec cette option vous pouvez vous faire livrer le mat\u00e9riel lou\u00e9 chez INDIE directement au studio. Il sera d\u00e9pos\u00e9 la veille de votre location, et r\u00e9cup\u00e9r\u00e9 apr\u00e8s votre tournage.<\/p>\n","protected":false},"excerpt":{"rendered":"<p>Avec cette option vous pouvez vous faire livrer le mat\u00e9riel lou\u00e9 chez INDIE directement au studio. Il sera d\u00e9pos\u00e9 la veille de votre location, et r\u00e9cup\u00e9r\u00e9 apr\u00e8s votre tournage.<\/p>\n","protected":false},"featured_media":3354,"template":"","meta":{"inline_featured_image":false},"product_brand":[],"product_cat":[1903],"product_tag":[],"class_list":{"0":"post-361","1":"product","2":"type-product","3":"status-publish","4":"has-post-thumbnail","6":"product_cat-options-studio","8":"first","9":"instock","10":"taxable","11":"shipping-taxable","12":"purchasable","13":"product-type-rentable"},"acf":[],"_links":{"self":[{"href":"https:\/\/indie.rent\/catalogue\/wp-json\/wp\/v2\/product\/361","targetHints":{"allow":["GET"]}}],"collection":[{"href":"https:\/\/indie.rent\/catalogue\/wp-json\/wp\/v2\/product"}],"about":[{"href":"https:\/\/indie.rent\/catalogue\/wp-json\/wp\/v2\/types\/product"}],"version-history":[{"count":0,"href":"https:\/\/indie.rent\/catalogue\/wp-json\/wp\/v2\/product\/361\/revisions"}],"wp:featuredmedia":[{"embeddable":true,"href":"https:\/\/indie.rent\/catalogue\/wp-json\/wp\/v2\/media\/3354"}],"wp:attachment":[{"href":"https:\/\/indie.rent\/catalogue\/wp-json\/wp\/v2\/media?parent=361"}],"wp:term":[{"taxonomy":"product_brand","embeddable":true,"href":"https:\/\/indie.rent\/catalogue\/wp-json\/wp\/v2\/product_brand?post=361"},{"taxonomy":"product_cat","embeddable":true,"href":"https:\/\/indie.rent\/catalogue\/wp-json\/wp\/v2\/product_cat?post=361"},{"taxonomy":"product_tag","embeddable":true,"href":"https:\/\/indie.rent\/catalogue\/wp-json\/wp\/v2\/product_tag?post=361"}],"curies":[{"name":"wp","href":"https:\/\/api.w.org\/{rel}","templated":true}]}}