{"id":354,"date":"2025-01-08T17:32:39","date_gmt":"2025-01-08T16:32:39","guid":{"rendered":"https:\/\/indie.rent\/catalogue\/produit\/optique-irix-cine-macro-11-150mm-t3-0-full-frame-pl-o-95mm\/"},"modified":"2026-04-30T16:15:54","modified_gmt":"2026-04-30T14:15:54","slug":"optique-irix-cine-150mm-t3-0-macro-11-pl-ff-o95mm","status":"publish","type":"product","link":"https:\/\/indie.rent\/catalogue\/produit\/optique-irix-cine-150mm-t3-0-macro-11-pl-ff-o95mm\/","title":{"rendered":"Optique Irix Cine 150mm T3.0 Macro 1:1 &#8211; PL &#8211; FF &#8211; \u00f895mm"},"content":{"rendered":"<p>L\u2019objectif Irix 150mm T3.0 Macro 1:1 est une optique macro offrant un rapport de grandissement 1:1, id\u00e9ale pour la macrophotographie et les plans tr\u00e8s rapproch\u00e9s. Sa focale de 150 mm permet une bonne distance de travail tout en conservant un fort niveau de d\u00e9tail et une compression agr\u00e9able des perspectives.<\/p>\n<p>Il dispose d\u2019une construction robuste avec une bague de mise au point et d&#8217;ouverture au pas 0.8, adapt\u00e9es aux usages photo comme vid\u00e9o. Son diaphragme \u00e0 9 lamelles produit un bokeh doux et harmonieux, valorisant les sujets isol\u00e9s.<\/p>\n<p>Diam\u00e8tre du Filtre Frontale : I.D \u00f886mm<br \/>Diam\u00e8tre frontale pour Mattebox Clip-On : O.D \u00f895 mm<\/p>\n","protected":false},"excerpt":{"rendered":"<p>L\u2019objectif Irix 150mm T3.0 Macro 1:1 est une optique macro offrant un rapport de grandissement 1:1, id\u00e9ale pour la macrophotographie et les plans tr\u00e8s rapproch\u00e9s. Sa focale de 150 mm permet une bonne distance de travail tout en conservant un fort niveau de d\u00e9tail et une compression agr\u00e9able des perspectives. Il dispose d\u2019une construction robuste [&hellip;]<\/p>\n","protected":false},"featured_media":2386,"template":"","meta":{"inline_featured_image":false},"product_brand":[],"product_cat":[1923],"product_tag":[],"class_list":{"0":"post-354","1":"product","2":"type-product","3":"status-publish","4":"has-post-thumbnail","6":"product_cat-optique-macro-pl","8":"first","9":"instock","10":"taxable","11":"shipping-taxable","12":"purchasable","13":"product-type-rentable"},"acf":[],"_links":{"self":[{"href":"https:\/\/indie.rent\/catalogue\/wp-json\/wp\/v2\/product\/354","targetHints":{"allow":["GET"]}}],"collection":[{"href":"https:\/\/indie.rent\/catalogue\/wp-json\/wp\/v2\/product"}],"about":[{"href":"https:\/\/indie.rent\/catalogue\/wp-json\/wp\/v2\/types\/product"}],"version-history":[{"count":1,"href":"https:\/\/indie.rent\/catalogue\/wp-json\/wp\/v2\/product\/354\/revisions"}],"predecessor-version":[{"id":7289,"href":"https:\/\/indie.rent\/catalogue\/wp-json\/wp\/v2\/product\/354\/revisions\/7289"}],"wp:featuredmedia":[{"embeddable":true,"href":"https:\/\/indie.rent\/catalogue\/wp-json\/wp\/v2\/media\/2386"}],"wp:attachment":[{"href":"https:\/\/indie.rent\/catalogue\/wp-json\/wp\/v2\/media?parent=354"}],"wp:term":[{"taxonomy":"product_brand","embeddable":true,"href":"https:\/\/indie.rent\/catalogue\/wp-json\/wp\/v2\/product_brand?post=354"},{"taxonomy":"product_cat","embeddable":true,"href":"https:\/\/indie.rent\/catalogue\/wp-json\/wp\/v2\/product_cat?post=354"},{"taxonomy":"product_tag","embeddable":true,"href":"https:\/\/indie.rent\/catalogue\/wp-json\/wp\/v2\/product_tag?post=354"}],"curies":[{"name":"wp","href":"https:\/\/api.w.org\/{rel}","templated":true}]}}