{"id":353,"date":"2025-01-08T17:32:39","date_gmt":"2025-01-08T16:32:39","guid":{"rendered":"https:\/\/indie.rent\/catalogue\/produit\/kit-daccroches-multiples-camera-action-go-pro\/"},"modified":"2026-04-13T18:39:40","modified_gmt":"2026-04-13T16:39:40","slug":"kit-daccroches-multiples-pour-gopro","status":"publish","type":"product","link":"https:\/\/indie.rent\/catalogue\/produit\/kit-daccroches-multiples-pour-gopro\/","title":{"rendered":"Kit d&#8217;Accroches Multiples pour GoPro"},"content":{"rendered":"<p>Indie Location vous propose ce kit d&#8217;accroches multiples afin de positionner votre cam\u00e9ra d&#8217;action, sur un v\u00e9lo, un harnais, un casque, une pince, un aimant ou pleins d&#8217;autres syst\u00e8mes pour ne plus avoir de limites dans vos prises de vues.<\/p>\n","protected":false},"excerpt":{"rendered":"<p>Indie Location vous propose ce kit d&#8217;accroches multiples afin de positionner votre cam\u00e9ra d&#8217;action, sur un v\u00e9lo, un harnais, un casque, une pince, un aimant ou pleins d&#8217;autres syst\u00e8mes pour ne plus avoir de limites dans vos prises de vues.<\/p>\n","protected":false},"featured_media":2328,"template":"","meta":{"inline_featured_image":false},"product_brand":[],"product_cat":[1917],"product_tag":[2249],"class_list":{"0":"post-353","1":"product","2":"type-product","3":"status-publish","4":"has-post-thumbnail","6":"product_cat-camera-action","7":"product_tag-pas-de-facture","9":"first","10":"instock","11":"taxable","12":"shipping-taxable","13":"purchasable","14":"product-type-rentable"},"acf":[],"_links":{"self":[{"href":"https:\/\/indie.rent\/catalogue\/wp-json\/wp\/v2\/product\/353","targetHints":{"allow":["GET"]}}],"collection":[{"href":"https:\/\/indie.rent\/catalogue\/wp-json\/wp\/v2\/product"}],"about":[{"href":"https:\/\/indie.rent\/catalogue\/wp-json\/wp\/v2\/types\/product"}],"version-history":[{"count":0,"href":"https:\/\/indie.rent\/catalogue\/wp-json\/wp\/v2\/product\/353\/revisions"}],"wp:featuredmedia":[{"embeddable":true,"href":"https:\/\/indie.rent\/catalogue\/wp-json\/wp\/v2\/media\/2328"}],"wp:attachment":[{"href":"https:\/\/indie.rent\/catalogue\/wp-json\/wp\/v2\/media?parent=353"}],"wp:term":[{"taxonomy":"product_brand","embeddable":true,"href":"https:\/\/indie.rent\/catalogue\/wp-json\/wp\/v2\/product_brand?post=353"},{"taxonomy":"product_cat","embeddable":true,"href":"https:\/\/indie.rent\/catalogue\/wp-json\/wp\/v2\/product_cat?post=353"},{"taxonomy":"product_tag","embeddable":true,"href":"https:\/\/indie.rent\/catalogue\/wp-json\/wp\/v2\/product_tag?post=353"}],"curies":[{"name":"wp","href":"https:\/\/api.w.org\/{rel}","templated":true}]}}