{"id":352,"date":"2025-01-08T17:32:39","date_gmt":"2025-01-08T16:32:39","guid":{"rendered":"https:\/\/indie.rent\/catalogue\/produit\/filtre-schneider-antique-suede-1-solid-4x5-65\/"},"modified":"2026-04-14T17:08:18","modified_gmt":"2026-04-14T15:08:18","slug":"filtre-schneider-antique-suede-1-solid-4x5-65","status":"publish","type":"product","link":"https:\/\/indie.rent\/catalogue\/produit\/filtre-schneider-antique-suede-1-solid-4x5-65\/","title":{"rendered":"Filtre Schneider Antique Suede 1 (Solid) 4&#215;5.65&#8243;"},"content":{"rendered":"<p>Filtre Schneider Suede Antique Solid, valeur 1 en format 4&#215;5.65&#8243;.<\/p>\n<p>Compos\u00e9 en verre de couleur unie, il r\u00e9duit la teinte verd\u00e2tre dans les ombres et r\u00e9chauffe subtilement l&#8217;image. \u00c0 l&#8217;ext\u00e9rieur, il contribue \u00e0 accentuer le feuillage.<\/p>\n<p>Ce filtre est fabriqu\u00e9 \u00e0 l&#8217;aide de la technologie ColorCore, un processus qui implique la stratification du substrat du filtre entre 2 morceaux de verre optique et le meulage \u00e0 plat \u00e0 une tol\u00e9rance de 1\/10 000 \u00e8me de pouce. Il mesure 4 x 5,65 pouces ou 101,6 x 143,5 mm.<\/p>\n<p>\u00a0<\/p>\n","protected":false},"excerpt":{"rendered":"<p>Filtre Schneider Suede Antique Solid, valeur 1 en format 4&#215;5.65&#8243;. Compos\u00e9 en verre de couleur unie, il r\u00e9duit la teinte verd\u00e2tre dans les ombres et r\u00e9chauffe subtilement l&#8217;image. \u00c0 l&#8217;ext\u00e9rieur, il contribue \u00e0 accentuer le feuillage. Ce filtre est fabriqu\u00e9 \u00e0 l&#8217;aide de la technologie ColorCore, un processus qui implique la stratification du substrat du [&hellip;]<\/p>\n","protected":false},"featured_media":2229,"template":"","meta":{"inline_featured_image":false},"product_brand":[],"product_cat":[1938],"product_tag":[],"class_list":{"0":"post-352","1":"product","2":"type-product","3":"status-publish","4":"has-post-thumbnail","6":"product_cat-filtres-4x5-6-effets","8":"first","9":"instock","10":"taxable","11":"shipping-taxable","12":"purchasable","13":"product-type-rentable"},"acf":[],"_links":{"self":[{"href":"https:\/\/indie.rent\/catalogue\/wp-json\/wp\/v2\/product\/352","targetHints":{"allow":["GET"]}}],"collection":[{"href":"https:\/\/indie.rent\/catalogue\/wp-json\/wp\/v2\/product"}],"about":[{"href":"https:\/\/indie.rent\/catalogue\/wp-json\/wp\/v2\/types\/product"}],"version-history":[{"count":0,"href":"https:\/\/indie.rent\/catalogue\/wp-json\/wp\/v2\/product\/352\/revisions"}],"wp:featuredmedia":[{"embeddable":true,"href":"https:\/\/indie.rent\/catalogue\/wp-json\/wp\/v2\/media\/2229"}],"wp:attachment":[{"href":"https:\/\/indie.rent\/catalogue\/wp-json\/wp\/v2\/media?parent=352"}],"wp:term":[{"taxonomy":"product_brand","embeddable":true,"href":"https:\/\/indie.rent\/catalogue\/wp-json\/wp\/v2\/product_brand?post=352"},{"taxonomy":"product_cat","embeddable":true,"href":"https:\/\/indie.rent\/catalogue\/wp-json\/wp\/v2\/product_cat?post=352"},{"taxonomy":"product_tag","embeddable":true,"href":"https:\/\/indie.rent\/catalogue\/wp-json\/wp\/v2\/product_tag?post=352"}],"curies":[{"name":"wp","href":"https:\/\/api.w.org\/{rel}","templated":true}]}}