{"id":351,"date":"2025-01-08T17:32:39","date_gmt":"2025-01-08T16:32:39","guid":{"rendered":"https:\/\/indie.rent\/catalogue\/produit\/filtre-brilliant%c2%b2-rota-streak-blue-swirl-4x5-65\/"},"modified":"2026-04-14T17:08:17","modified_gmt":"2026-04-14T15:08:17","slug":"filtre-brilliant%c2%b2-rota-streak-blue-swirl-4x5-65","status":"publish","type":"product","link":"https:\/\/indie.rent\/catalogue\/produit\/filtre-brilliant%c2%b2-rota-streak-blue-swirl-4x5-65\/","title":{"rendered":"Filtre Brilliant\u00b2 Rota-Streak Blue Swirl 4&#215;5.65&#8243;"},"content":{"rendered":"<p>Filtre Rotatif Brillant Streak Blue swirl int\u00e9gr\u00e9 dans un porte filtre au format 4&#215;5.65&#8243;.<\/p>\n<p>Les filtres Brilliant\u00b2 Rota-Streak de Lindsey Optics, cr\u00e9ent des stries rappelant les flares des optiques anamorphiques et d&#8217;autres reflets cr\u00e9atifs.<br \/>Le filtre rotatif permet tout angle souhait\u00e9 pour les bandes d&#8217;effets. <br \/>En attachant un moteur au pignon de rotation, Il est possible d&#8217;avoir un contr\u00f4l\u00e9 \u00e0 distance pour cr\u00e9er des effets dynamiques sous forme de bande, d&#8217;\u00e9toile ou de tourbillon. <\/p>\n","protected":false},"excerpt":{"rendered":"<p>Filtre Rotatif Brillant Streak Blue swirl int\u00e9gr\u00e9 dans un porte filtre au format 4&#215;5.65&#8243;. Les filtres Brilliant\u00b2 Rota-Streak de Lindsey Optics, cr\u00e9ent des stries rappelant les flares des optiques anamorphiques et d&#8217;autres reflets cr\u00e9atifs.Le filtre rotatif permet tout angle souhait\u00e9 pour les bandes d&#8217;effets. En attachant un moteur au pignon de rotation, Il est possible [&hellip;]<\/p>\n","protected":false},"featured_media":2228,"template":"","meta":{"inline_featured_image":false},"product_brand":[],"product_cat":[1938],"product_tag":[],"class_list":{"0":"post-351","1":"product","2":"type-product","3":"status-publish","4":"has-post-thumbnail","6":"product_cat-filtres-4x5-6-effets","8":"first","9":"instock","10":"taxable","11":"shipping-taxable","12":"purchasable","13":"product-type-rentable"},"acf":[],"_links":{"self":[{"href":"https:\/\/indie.rent\/catalogue\/wp-json\/wp\/v2\/product\/351","targetHints":{"allow":["GET"]}}],"collection":[{"href":"https:\/\/indie.rent\/catalogue\/wp-json\/wp\/v2\/product"}],"about":[{"href":"https:\/\/indie.rent\/catalogue\/wp-json\/wp\/v2\/types\/product"}],"version-history":[{"count":0,"href":"https:\/\/indie.rent\/catalogue\/wp-json\/wp\/v2\/product\/351\/revisions"}],"wp:featuredmedia":[{"embeddable":true,"href":"https:\/\/indie.rent\/catalogue\/wp-json\/wp\/v2\/media\/2228"}],"wp:attachment":[{"href":"https:\/\/indie.rent\/catalogue\/wp-json\/wp\/v2\/media?parent=351"}],"wp:term":[{"taxonomy":"product_brand","embeddable":true,"href":"https:\/\/indie.rent\/catalogue\/wp-json\/wp\/v2\/product_brand?post=351"},{"taxonomy":"product_cat","embeddable":true,"href":"https:\/\/indie.rent\/catalogue\/wp-json\/wp\/v2\/product_cat?post=351"},{"taxonomy":"product_tag","embeddable":true,"href":"https:\/\/indie.rent\/catalogue\/wp-json\/wp\/v2\/product_tag?post=351"}],"curies":[{"name":"wp","href":"https:\/\/api.w.org\/{rel}","templated":true}]}}