{"id":349,"date":"2025-01-08T17:32:38","date_gmt":"2025-01-08T16:32:38","guid":{"rendered":"https:\/\/indie.rent\/catalogue\/produit\/objectif-canon-16-35mm-f-2-8l-ii-usm\/"},"modified":"2026-04-04T00:14:43","modified_gmt":"2026-04-03T22:14:43","slug":"objectif-canon-16-35mm-f-2-8l-ii-usm-%e2%88%8582mm","status":"publish","type":"product","link":"https:\/\/indie.rent\/catalogue\/produit\/objectif-canon-16-35mm-f-2-8l-ii-usm-%e2%88%8582mm\/","title":{"rendered":"Objectif Canon 16-35mm &#8211; f\/2.8L II USM &#8211; \u220582mm"},"content":{"rendered":"<p>R\u00e9alisez des prises de vue de paysages et d&#8217;architectures stup\u00e9fiantes avec ce zoom optique ultra grand-angle hautes performances au design compact et l\u00e9ger, dot\u00e9 d&#8217;une ouverture fixe de f\/4 et d&#8217;un stabilisateur d&#8217;image. Id\u00e9al pour les photographes professionnels et amateurs.<\/p>\n<p>Caract\u00e9ristiques principales :<br \/>&#8211; \u00c9largissez l&#8217;angle de champ de vos photos gr\u00e2ce \u00e0 ce zoom optique ultra grand-angle,<br \/>&#8211; Les performances sup\u00e9rieures de la gamme L coupl\u00e9es \u00e0 des syst\u00e8mes optiques de pr\u00e9cision,<br \/>&#8211; B\u00e9n\u00e9ficiez d&#8217;expositions stables gr\u00e2ce \u00e0 l&#8217;ouverture constante de f\/4,<br \/>&#8211; Prenez des photos parfaitement nettes, m\u00eame en basse lumi\u00e8re, avec le stabilisateur d&#8217;image 4 vitesses,<br \/>&#8211; Ne manquez jamais un clich\u00e9 gr\u00e2ce \u00e0 l&#8217;autofocus rapide et silencieux.<\/p>\n","protected":false},"excerpt":{"rendered":"<p>R\u00e9alisez des prises de vue de paysages et d&#8217;architectures stup\u00e9fiantes avec ce zoom optique ultra grand-angle hautes performances au design compact et l\u00e9ger, dot\u00e9 d&#8217;une ouverture fixe de f\/4 et d&#8217;un stabilisateur d&#8217;image. Id\u00e9al pour les photographes professionnels et amateurs. Caract\u00e9ristiques principales :&#8211; \u00c9largissez l&#8217;angle de champ de vos photos gr\u00e2ce \u00e0 ce zoom optique [&hellip;]<\/p>\n","protected":false},"featured_media":2166,"template":"","meta":{"inline_featured_image":false},"product_brand":[],"product_cat":[1929],"product_tag":[],"class_list":{"0":"post-349","1":"product","2":"type-product","3":"status-publish","4":"has-post-thumbnail","6":"product_cat-objectif-photo-ef","8":"first","9":"instock","10":"taxable","11":"shipping-taxable","12":"purchasable","13":"product-type-rentable"},"acf":[],"_links":{"self":[{"href":"https:\/\/indie.rent\/catalogue\/wp-json\/wp\/v2\/product\/349","targetHints":{"allow":["GET"]}}],"collection":[{"href":"https:\/\/indie.rent\/catalogue\/wp-json\/wp\/v2\/product"}],"about":[{"href":"https:\/\/indie.rent\/catalogue\/wp-json\/wp\/v2\/types\/product"}],"version-history":[{"count":3,"href":"https:\/\/indie.rent\/catalogue\/wp-json\/wp\/v2\/product\/349\/revisions"}],"predecessor-version":[{"id":5448,"href":"https:\/\/indie.rent\/catalogue\/wp-json\/wp\/v2\/product\/349\/revisions\/5448"}],"wp:featuredmedia":[{"embeddable":true,"href":"https:\/\/indie.rent\/catalogue\/wp-json\/wp\/v2\/media\/2166"}],"wp:attachment":[{"href":"https:\/\/indie.rent\/catalogue\/wp-json\/wp\/v2\/media?parent=349"}],"wp:term":[{"taxonomy":"product_brand","embeddable":true,"href":"https:\/\/indie.rent\/catalogue\/wp-json\/wp\/v2\/product_brand?post=349"},{"taxonomy":"product_cat","embeddable":true,"href":"https:\/\/indie.rent\/catalogue\/wp-json\/wp\/v2\/product_cat?post=349"},{"taxonomy":"product_tag","embeddable":true,"href":"https:\/\/indie.rent\/catalogue\/wp-json\/wp\/v2\/product_tag?post=349"}],"curies":[{"name":"wp","href":"https:\/\/api.w.org\/{rel}","templated":true}]}}