{"id":348,"date":"2025-01-08T17:32:38","date_gmt":"2025-01-08T16:32:38","guid":{"rendered":"https:\/\/indie.rent\/catalogue\/produit\/filtre-gecko-polaframe-6-6x6-6\/"},"modified":"2026-04-16T17:21:33","modified_gmt":"2026-04-16T15:21:33","slug":"filtre-gecko-polaframe-6-6x6-6","status":"publish","type":"product","link":"https:\/\/indie.rent\/catalogue\/produit\/filtre-gecko-polaframe-6-6x6-6\/","title":{"rendered":"Filtre Gecko Polaframe 6.6&#215;6.6\u201c"},"content":{"rendered":"<p>Gecko Polaframe &#8211; Rotating Polarizer 6&#215;6<\/p>\n<p>Le Filtre Gecko aide \u00e0 r\u00e9duire les reflets et l&#8217;\u00e9blouissement en filtrant la lumi\u00e8re qui s&#8217;est polaris\u00e9e en raison de la r\u00e9flexion d&#8217;une surface non m\u00e9tallique. La lumi\u00e8re du soleil devient naturellement partiellement polaris\u00e9e en raison de la r\u00e9flexion des \u00e9lectrons dans les mol\u00e9cules d&#8217;air, provoquant la diffusion de la lumi\u00e8re dans ce qui appara\u00eet comme de la brume. Un filtre polarisant dispose et filtre cette lumi\u00e8re polaris\u00e9e directionnellement perpendiculairement \u00e0 la lumi\u00e8re r\u00e9fl\u00e9chie, permettant l&#8217;absorption d&#8217;une grande partie de cette lumi\u00e8re. Il en r\u00e9sulte une r\u00e9duction notable de l&#8217;\u00e9blouissement et des reflets des surfaces non m\u00e9talliques et une augmentation de la saturation du ciel et du feuillage.<\/p>\n","protected":false},"excerpt":{"rendered":"<p>Gecko Polaframe &#8211; Rotating Polarizer 6&#215;6 Le Filtre Gecko aide \u00e0 r\u00e9duire les reflets et l&#8217;\u00e9blouissement en filtrant la lumi\u00e8re qui s&#8217;est polaris\u00e9e en raison de la r\u00e9flexion d&#8217;une surface non m\u00e9tallique. La lumi\u00e8re du soleil devient naturellement partiellement polaris\u00e9e en raison de la r\u00e9flexion des \u00e9lectrons dans les mol\u00e9cules d&#8217;air, provoquant la diffusion de [&hellip;]<\/p>\n","protected":false},"featured_media":2163,"template":"","meta":{"inline_featured_image":false},"product_brand":[],"product_cat":[1940],"product_tag":[],"class_list":{"0":"post-348","1":"product","2":"type-product","3":"status-publish","4":"has-post-thumbnail","6":"product_cat-filtres-6x6-correction","8":"first","9":"instock","10":"taxable","11":"shipping-taxable","12":"purchasable","13":"product-type-rentable"},"acf":[],"_links":{"self":[{"href":"https:\/\/indie.rent\/catalogue\/wp-json\/wp\/v2\/product\/348","targetHints":{"allow":["GET"]}}],"collection":[{"href":"https:\/\/indie.rent\/catalogue\/wp-json\/wp\/v2\/product"}],"about":[{"href":"https:\/\/indie.rent\/catalogue\/wp-json\/wp\/v2\/types\/product"}],"version-history":[{"count":0,"href":"https:\/\/indie.rent\/catalogue\/wp-json\/wp\/v2\/product\/348\/revisions"}],"wp:featuredmedia":[{"embeddable":true,"href":"https:\/\/indie.rent\/catalogue\/wp-json\/wp\/v2\/media\/2163"}],"wp:attachment":[{"href":"https:\/\/indie.rent\/catalogue\/wp-json\/wp\/v2\/media?parent=348"}],"wp:term":[{"taxonomy":"product_brand","embeddable":true,"href":"https:\/\/indie.rent\/catalogue\/wp-json\/wp\/v2\/product_brand?post=348"},{"taxonomy":"product_cat","embeddable":true,"href":"https:\/\/indie.rent\/catalogue\/wp-json\/wp\/v2\/product_cat?post=348"},{"taxonomy":"product_tag","embeddable":true,"href":"https:\/\/indie.rent\/catalogue\/wp-json\/wp\/v2\/product_tag?post=348"}],"curies":[{"name":"wp","href":"https:\/\/api.w.org\/{rel}","templated":true}]}}