{"id":347,"date":"2025-01-08T17:32:37","date_gmt":"2025-01-08T16:32:37","guid":{"rendered":"https:\/\/indie.rent\/catalogue\/produit\/optique-milvus-135mm-f2-ef\/"},"modified":"2026-04-08T12:19:12","modified_gmt":"2026-04-08T10:19:12","slug":"optique-milvus-135mm-f2-ef","status":"publish","type":"product","link":"https:\/\/indie.rent\/catalogue\/produit\/optique-milvus-135mm-f2-ef\/","title":{"rendered":"Optique Milvus 135mm F2 EF"},"content":{"rendered":"<p>Milvus  135mm F2<\/p>\n<p>L&#8217;objectif Milvus 135 mm f\/2 est un t\u00e9l\u00e9objectif \u00e0 tr\u00e8s grande ouverture avec une excellente correction des aberrations de couleur. Gr\u00e2ce \u00e0 une large ouverture et \u00e0 un bokeh agr\u00e9able, c&#8217;est la solution parfaite pour la photographie de portrait \u00e0 port\u00e9e moyenne. <\/p>\n<p>Caract\u00e9ristiques principales :<br \/>&#8211; Une excellente qualit\u00e9 d\u2019image, m\u00eame dans des conditions d\u2019\u00e9clairage difficiles,<br \/>&#8211; Une qualit\u00e9 d\u2019image homog\u00e8ne sur l\u2019ensemble de la plage de mise au point,<br \/>&#8211; Formule optique : 11 lentilles r\u00e9parties en 8 groupes,<br \/>&#8211; Plage de mise au point : 0,80 m,<br \/>&#8211; Poids : 1123 g.<\/p>\n","protected":false},"excerpt":{"rendered":"<p>Milvus 135mm F2 L&#8217;objectif Milvus 135 mm f\/2 est un t\u00e9l\u00e9objectif \u00e0 tr\u00e8s grande ouverture avec une excellente correction des aberrations de couleur. Gr\u00e2ce \u00e0 une large ouverture et \u00e0 un bokeh agr\u00e9able, c&#8217;est la solution parfaite pour la photographie de portrait \u00e0 port\u00e9e moyenne. Caract\u00e9ristiques principales :&#8211; Une excellente qualit\u00e9 d\u2019image, m\u00eame dans des [&hellip;]<\/p>\n","protected":false},"featured_media":2085,"template":"","meta":{"inline_featured_image":false},"product_brand":[],"product_cat":[1930],"product_tag":[],"class_list":{"0":"post-347","1":"product","2":"type-product","3":"status-publish","4":"has-post-thumbnail","6":"product_cat-optique-cine-ef","8":"first","9":"instock","10":"taxable","11":"shipping-taxable","12":"purchasable","13":"product-type-rentable"},"acf":[],"_links":{"self":[{"href":"https:\/\/indie.rent\/catalogue\/wp-json\/wp\/v2\/product\/347","targetHints":{"allow":["GET"]}}],"collection":[{"href":"https:\/\/indie.rent\/catalogue\/wp-json\/wp\/v2\/product"}],"about":[{"href":"https:\/\/indie.rent\/catalogue\/wp-json\/wp\/v2\/types\/product"}],"version-history":[{"count":0,"href":"https:\/\/indie.rent\/catalogue\/wp-json\/wp\/v2\/product\/347\/revisions"}],"wp:featuredmedia":[{"embeddable":true,"href":"https:\/\/indie.rent\/catalogue\/wp-json\/wp\/v2\/media\/2085"}],"wp:attachment":[{"href":"https:\/\/indie.rent\/catalogue\/wp-json\/wp\/v2\/media?parent=347"}],"wp:term":[{"taxonomy":"product_brand","embeddable":true,"href":"https:\/\/indie.rent\/catalogue\/wp-json\/wp\/v2\/product_brand?post=347"},{"taxonomy":"product_cat","embeddable":true,"href":"https:\/\/indie.rent\/catalogue\/wp-json\/wp\/v2\/product_cat?post=347"},{"taxonomy":"product_tag","embeddable":true,"href":"https:\/\/indie.rent\/catalogue\/wp-json\/wp\/v2\/product_tag?post=347"}],"curies":[{"name":"wp","href":"https:\/\/api.w.org\/{rel}","templated":true}]}}