{"id":345,"date":"2025-01-08T17:32:37","date_gmt":"2025-01-08T16:32:37","guid":{"rendered":"https:\/\/indie.rent\/catalogue\/produit\/objectif-sigma-18-35mm-f1-8-ef\/"},"modified":"2026-04-04T00:14:12","modified_gmt":"2026-04-03T22:14:12","slug":"objectif-sigma-18-35mm-f1-8-ef","status":"publish","type":"product","link":"https:\/\/indie.rent\/catalogue\/produit\/objectif-sigma-18-35mm-f1-8-ef\/","title":{"rendered":"Objectif Sigma 18-35mm F1.8 &#8211; EF"},"content":{"rendered":"<p>Sigma Objectif 18-35 mm F1,8<\/p>\n<p>Digne repr\u00e9sentant de la ligne Art, sa conception a \u00e9t\u00e9 d\u00e9velopp\u00e9e dans le but de proposer le plus haut niveau de performance optique et un pouvoir cr\u00e9atif sans \u00e9gal.<\/p>\n<p>Caract\u00e9ristiques principales :<br \/>&#8211; Optimis\u00e9 pour les reflex \u00e0 capteur APS-C,<br \/>&#8211; Zoom standard lumineux \u00e0 ouverture constante,<br \/>&#8211; Personnalisable via la nouvelle station d&#8217;accueil exclusive Sigma USB Doc,<br \/>&#8211; Conception de tr\u00e8s haute qualit\u00e9,<br \/>&#8211; Ba\u00efonnette en laiton chrom\u00e9,<br \/>&#8211; Distance minimale de mise au point de 28 cm.<\/p>\n","protected":false},"excerpt":{"rendered":"<p>Sigma Objectif 18-35 mm F1,8 Digne repr\u00e9sentant de la ligne Art, sa conception a \u00e9t\u00e9 d\u00e9velopp\u00e9e dans le but de proposer le plus haut niveau de performance optique et un pouvoir cr\u00e9atif sans \u00e9gal. Caract\u00e9ristiques principales :&#8211; Optimis\u00e9 pour les reflex \u00e0 capteur APS-C,&#8211; Zoom standard lumineux \u00e0 ouverture constante,&#8211; Personnalisable via la nouvelle station [&hellip;]<\/p>\n","protected":false},"featured_media":2064,"template":"","meta":{"inline_featured_image":false},"product_brand":[],"product_cat":[1929],"product_tag":[],"class_list":{"0":"post-345","1":"product","2":"type-product","3":"status-publish","4":"has-post-thumbnail","6":"product_cat-objectif-photo-ef","8":"first","9":"instock","10":"taxable","11":"shipping-taxable","12":"purchasable","13":"product-type-rentable"},"acf":[],"_links":{"self":[{"href":"https:\/\/indie.rent\/catalogue\/wp-json\/wp\/v2\/product\/345","targetHints":{"allow":["GET"]}}],"collection":[{"href":"https:\/\/indie.rent\/catalogue\/wp-json\/wp\/v2\/product"}],"about":[{"href":"https:\/\/indie.rent\/catalogue\/wp-json\/wp\/v2\/types\/product"}],"version-history":[{"count":1,"href":"https:\/\/indie.rent\/catalogue\/wp-json\/wp\/v2\/product\/345\/revisions"}],"predecessor-version":[{"id":5445,"href":"https:\/\/indie.rent\/catalogue\/wp-json\/wp\/v2\/product\/345\/revisions\/5445"}],"wp:featuredmedia":[{"embeddable":true,"href":"https:\/\/indie.rent\/catalogue\/wp-json\/wp\/v2\/media\/2064"}],"wp:attachment":[{"href":"https:\/\/indie.rent\/catalogue\/wp-json\/wp\/v2\/media?parent=345"}],"wp:term":[{"taxonomy":"product_brand","embeddable":true,"href":"https:\/\/indie.rent\/catalogue\/wp-json\/wp\/v2\/product_brand?post=345"},{"taxonomy":"product_cat","embeddable":true,"href":"https:\/\/indie.rent\/catalogue\/wp-json\/wp\/v2\/product_cat?post=345"},{"taxonomy":"product_tag","embeddable":true,"href":"https:\/\/indie.rent\/catalogue\/wp-json\/wp\/v2\/product_tag?post=345"}],"curies":[{"name":"wp","href":"https:\/\/api.w.org\/{rel}","templated":true}]}}