{"id":344,"date":"2025-01-08T17:32:37","date_gmt":"2025-01-08T16:32:37","guid":{"rendered":"https:\/\/indie.rent\/catalogue\/produit\/optique-tokina-100mm-macro-f-29\/"},"modified":"2026-04-04T00:13:49","modified_gmt":"2026-04-03T22:13:49","slug":"optique-tokina-100mm-macro-ef-f-29-o82","status":"publish","type":"product","link":"https:\/\/indie.rent\/catalogue\/produit\/optique-tokina-100mm-macro-ef-f-29-o82\/","title":{"rendered":"Optique Tokina 100mm Macro EF- f\/2,9 \u00d882"},"content":{"rendered":"<p>Tokina 100mm Macro T2.9 EF<\/p>\n<p>Cet objectif est concu dans un m\u00e9tal robuste et pr\u00eat pour filmer en ultra-haute d\u00e9finition, comme l&#8217;UHD ou la 4K. Le contraste d\u00e9livr\u00e9 par l&#8217;image est haut et pr\u00e9sente des distorsions et aberrations chromatiques tr\u00e8s faibles. Le diaphragme circulaire \u00e0 9 lamelles vous assure un bokeh parfait, une nettet\u00e9 optimale et un contr\u00f4le pr\u00e9cis de l&#8217;exposition de vos images.<\/p>\n<p>Caract\u00e9ristiques principales :<br \/>&#8211; Optique cin\u00e9ma fixe 100mm Macro ouverture T2,9 \u00e0 T32.<br \/>&#8211; Fabrication tout m\u00e9tal et construction optique 9 \u00e9l\u00e9ments en 8 groupes de tr\u00e8s haute r\u00e9solution pour la 4K, faible distorsion et aberrations chromatiques gr\u00e2ce aux \u00e9l\u00e9ments en verre asph\u00e9riques et \u00e0 tr\u00e8s faible dispersion,<br \/>&#8211; Fixation tr\u00e9pied int\u00e9gr\u00e9e,<br \/>&#8211; Iris \u00e0 9 lamelles,<br \/>&#8211; Mise au point minimale \u00e0 30cm avec ratio de 1:1,<br \/>&#8211; Poids 1,31kg.<\/p>\n<p>\u00a0<\/p>\n","protected":false},"excerpt":{"rendered":"<p>Tokina 100mm Macro T2.9 EF Cet objectif est concu dans un m\u00e9tal robuste et pr\u00eat pour filmer en ultra-haute d\u00e9finition, comme l&#8217;UHD ou la 4K. Le contraste d\u00e9livr\u00e9 par l&#8217;image est haut et pr\u00e9sente des distorsions et aberrations chromatiques tr\u00e8s faibles. Le diaphragme circulaire \u00e0 9 lamelles vous assure un bokeh parfait, une nettet\u00e9 optimale [&hellip;]<\/p>\n","protected":false},"featured_media":1983,"template":"","meta":{"inline_featured_image":false},"product_brand":[],"product_cat":[1927],"product_tag":[],"class_list":{"0":"post-344","1":"product","2":"type-product","3":"status-publish","4":"has-post-thumbnail","6":"product_cat-optique-macro-ef","8":"first","9":"instock","10":"taxable","11":"shipping-taxable","12":"purchasable","13":"product-type-rentable"},"acf":[],"_links":{"self":[{"href":"https:\/\/indie.rent\/catalogue\/wp-json\/wp\/v2\/product\/344","targetHints":{"allow":["GET"]}}],"collection":[{"href":"https:\/\/indie.rent\/catalogue\/wp-json\/wp\/v2\/product"}],"about":[{"href":"https:\/\/indie.rent\/catalogue\/wp-json\/wp\/v2\/types\/product"}],"version-history":[{"count":3,"href":"https:\/\/indie.rent\/catalogue\/wp-json\/wp\/v2\/product\/344\/revisions"}],"predecessor-version":[{"id":5444,"href":"https:\/\/indie.rent\/catalogue\/wp-json\/wp\/v2\/product\/344\/revisions\/5444"}],"wp:featuredmedia":[{"embeddable":true,"href":"https:\/\/indie.rent\/catalogue\/wp-json\/wp\/v2\/media\/1983"}],"wp:attachment":[{"href":"https:\/\/indie.rent\/catalogue\/wp-json\/wp\/v2\/media?parent=344"}],"wp:term":[{"taxonomy":"product_brand","embeddable":true,"href":"https:\/\/indie.rent\/catalogue\/wp-json\/wp\/v2\/product_brand?post=344"},{"taxonomy":"product_cat","embeddable":true,"href":"https:\/\/indie.rent\/catalogue\/wp-json\/wp\/v2\/product_cat?post=344"},{"taxonomy":"product_tag","embeddable":true,"href":"https:\/\/indie.rent\/catalogue\/wp-json\/wp\/v2\/product_tag?post=344"}],"curies":[{"name":"wp","href":"https:\/\/api.w.org\/{rel}","templated":true}]}}