{"id":343,"date":"2025-01-08T17:32:36","date_gmt":"2025-01-08T16:32:36","guid":{"rendered":"https:\/\/indie.rent\/catalogue\/produit\/zoom-canon-70-200mm-12-8-l-is-usm\/"},"modified":"2026-04-04T00:13:45","modified_gmt":"2026-04-03T22:13:45","slug":"zoom-canon-70-200mm-12-8-l-is-usm-%e2%88%8577-mm","status":"publish","type":"product","link":"https:\/\/indie.rent\/catalogue\/produit\/zoom-canon-70-200mm-12-8-l-is-usm-%e2%88%8577-mm\/","title":{"rendered":"Zoom Canon 70-200mm &#8211; 1:2.8 L IS USM &#8211; \u220577 mm"},"content":{"rendered":"<p>Objectif 70-200 mm f\/2.8 L USM<\/p>\n<p>Le Zoom 70-200 mm f\/2,8 est un t\u00e9l\u00e9zoom de qualit\u00e9 professionnelle, \u00e0 grande ouverture. Il s\u00e9duira les photographes naturalistes et sportifs, ainsi que ceux sp\u00e9cialis\u00e9s dans les photos de mariage et les portraits.<\/p>\n<p>Caract\u00e9ristiques principales :<br \/>&#8211; T\u00e9l\u00e9objectif avec zoom hautes performances de s\u00e9rie L,<br \/>&#8211; Ouverture maximale constante de f\/2,8,<br \/>&#8211; Quatre lentilles en verre UD,<br \/>&#8211; Mise au point minimale de 1,5 m,<br \/>&#8211; \u00c9tanch\u00e9it\u00e9 \u00e0 l&#8217;eau et \u00e0 la poussi\u00e8re,<br \/>&#8211; Diaphragme \u00e0 huit lamelles,<br \/>&#8211; Moteur autofocus USM de type annulaire.<\/p>\n","protected":false},"excerpt":{"rendered":"<p>Objectif 70-200 mm f\/2.8 L USM Le Zoom 70-200 mm f\/2,8 est un t\u00e9l\u00e9zoom de qualit\u00e9 professionnelle, \u00e0 grande ouverture. Il s\u00e9duira les photographes naturalistes et sportifs, ainsi que ceux sp\u00e9cialis\u00e9s dans les photos de mariage et les portraits. Caract\u00e9ristiques principales :&#8211; T\u00e9l\u00e9objectif avec zoom hautes performances de s\u00e9rie L,&#8211; Ouverture maximale constante de f\/2,8,&#8211; [&hellip;]<\/p>\n","protected":false},"featured_media":1964,"template":"","meta":{"inline_featured_image":false},"product_brand":[],"product_cat":[1929],"product_tag":[],"class_list":{"0":"post-343","1":"product","2":"type-product","3":"status-publish","4":"has-post-thumbnail","6":"product_cat-objectif-photo-ef","8":"first","9":"instock","10":"taxable","11":"shipping-taxable","12":"purchasable","13":"product-type-rentable"},"acf":[],"_links":{"self":[{"href":"https:\/\/indie.rent\/catalogue\/wp-json\/wp\/v2\/product\/343","targetHints":{"allow":["GET"]}}],"collection":[{"href":"https:\/\/indie.rent\/catalogue\/wp-json\/wp\/v2\/product"}],"about":[{"href":"https:\/\/indie.rent\/catalogue\/wp-json\/wp\/v2\/types\/product"}],"version-history":[{"count":3,"href":"https:\/\/indie.rent\/catalogue\/wp-json\/wp\/v2\/product\/343\/revisions"}],"predecessor-version":[{"id":5443,"href":"https:\/\/indie.rent\/catalogue\/wp-json\/wp\/v2\/product\/343\/revisions\/5443"}],"wp:featuredmedia":[{"embeddable":true,"href":"https:\/\/indie.rent\/catalogue\/wp-json\/wp\/v2\/media\/1964"}],"wp:attachment":[{"href":"https:\/\/indie.rent\/catalogue\/wp-json\/wp\/v2\/media?parent=343"}],"wp:term":[{"taxonomy":"product_brand","embeddable":true,"href":"https:\/\/indie.rent\/catalogue\/wp-json\/wp\/v2\/product_brand?post=343"},{"taxonomy":"product_cat","embeddable":true,"href":"https:\/\/indie.rent\/catalogue\/wp-json\/wp\/v2\/product_cat?post=343"},{"taxonomy":"product_tag","embeddable":true,"href":"https:\/\/indie.rent\/catalogue\/wp-json\/wp\/v2\/product_tag?post=343"}],"curies":[{"name":"wp","href":"https:\/\/api.w.org\/{rel}","templated":true}]}}