{"id":342,"date":"2025-01-08T17:32:36","date_gmt":"2025-01-08T16:32:36","guid":{"rendered":"https:\/\/indie.rent\/catalogue\/produit\/zoom-lens-ef-24-105mm-14-l-is-ii-usm\/"},"modified":"2026-04-04T00:13:39","modified_gmt":"2026-04-03T22:13:39","slug":"zoom-lens-ef-24-105mm-14-l-is-ii-usm","status":"publish","type":"product","link":"https:\/\/indie.rent\/catalogue\/produit\/zoom-lens-ef-24-105mm-14-l-is-ii-usm\/","title":{"rendered":"Zoom Lens EF 24-105mm 1:4 L IS II USM"},"content":{"rendered":"<p>Canon 24-105 F4<\/p>\n<p>Tr\u00e8s appr\u00e9ci\u00e9 des photographes ne souhaitant pas s&#8217;encombrer, cet objectif propose \u00e0 lui seul une qualit\u00e9 d&#8217;image \u00e9poustouflante et une stabilisation d&#8217;image avanc\u00e9e.<\/p>\n<p>Caract\u00e9ristiques principales :<br \/>&#8211; Des images nettes m\u00eame en basse lumi\u00e8re,<br \/>&#8211; L&#8217;autofocus avanc\u00e9 offre des transitions fluides, professionnelles et presque silencieuses entre chaque plage, ainsi qu&#8217;un suivi de mise au point continu permettant une correction manuelle \u00e0 tout moment,<br \/>&#8211; Il est con\u00e7u pour endurer les contraintes d&#8217;un usage professionnel, gr\u00e2ce \u00e0 une plus grande r\u00e9sistance aux chocs et aux vibrations,<br \/>&#8211; Un stabilisateur d&#8217;image in\u00e9dit donne un effet \u00e9quivalent \u00e0 une vitesse d&#8217;obturation 4 fois plus rapide, par rapport \u00e0 l&#8217;objectif EF 24-105mm f\/4L IS USM \u00e0 2,5 vitesses,<br \/>&#8211; 17 lentilles r\u00e9parties en 12 groupes,<br \/>&#8211; Marquage en Pieds et M\u00e8tres.<\/p>\n","protected":false},"excerpt":{"rendered":"<p>Canon 24-105 F4 Tr\u00e8s appr\u00e9ci\u00e9 des photographes ne souhaitant pas s&#8217;encombrer, cet objectif propose \u00e0 lui seul une qualit\u00e9 d&#8217;image \u00e9poustouflante et une stabilisation d&#8217;image avanc\u00e9e. Caract\u00e9ristiques principales :&#8211; Des images nettes m\u00eame en basse lumi\u00e8re,&#8211; L&#8217;autofocus avanc\u00e9 offre des transitions fluides, professionnelles et presque silencieuses entre chaque plage, ainsi qu&#8217;un suivi de mise au [&hellip;]<\/p>\n","protected":false},"featured_media":1933,"template":"","meta":{"inline_featured_image":false},"product_brand":[],"product_cat":[1929],"product_tag":[],"class_list":{"0":"post-342","1":"product","2":"type-product","3":"status-publish","4":"has-post-thumbnail","6":"product_cat-objectif-photo-ef","8":"first","9":"instock","10":"taxable","11":"shipping-taxable","12":"purchasable","13":"product-type-rentable"},"acf":[],"_links":{"self":[{"href":"https:\/\/indie.rent\/catalogue\/wp-json\/wp\/v2\/product\/342","targetHints":{"allow":["GET"]}}],"collection":[{"href":"https:\/\/indie.rent\/catalogue\/wp-json\/wp\/v2\/product"}],"about":[{"href":"https:\/\/indie.rent\/catalogue\/wp-json\/wp\/v2\/types\/product"}],"version-history":[{"count":1,"href":"https:\/\/indie.rent\/catalogue\/wp-json\/wp\/v2\/product\/342\/revisions"}],"predecessor-version":[{"id":5442,"href":"https:\/\/indie.rent\/catalogue\/wp-json\/wp\/v2\/product\/342\/revisions\/5442"}],"wp:featuredmedia":[{"embeddable":true,"href":"https:\/\/indie.rent\/catalogue\/wp-json\/wp\/v2\/media\/1933"}],"wp:attachment":[{"href":"https:\/\/indie.rent\/catalogue\/wp-json\/wp\/v2\/media?parent=342"}],"wp:term":[{"taxonomy":"product_brand","embeddable":true,"href":"https:\/\/indie.rent\/catalogue\/wp-json\/wp\/v2\/product_brand?post=342"},{"taxonomy":"product_cat","embeddable":true,"href":"https:\/\/indie.rent\/catalogue\/wp-json\/wp\/v2\/product_cat?post=342"},{"taxonomy":"product_tag","embeddable":true,"href":"https:\/\/indie.rent\/catalogue\/wp-json\/wp\/v2\/product_tag?post=342"}],"curies":[{"name":"wp","href":"https:\/\/api.w.org\/{rel}","templated":true}]}}