{"id":341,"date":"2025-01-08T17:32:36","date_gmt":"2025-01-08T16:32:36","guid":{"rendered":"https:\/\/indie.rent\/catalogue\/produit\/objectif-canon-macro-100mm-f-2-8\/"},"modified":"2026-04-30T15:38:34","modified_gmt":"2026-04-30T13:38:34","slug":"objectif-canon-macro-100mm-f-2-8-o67","status":"publish","type":"product","link":"https:\/\/indie.rent\/catalogue\/produit\/objectif-canon-macro-100mm-f-2-8-o67\/","title":{"rendered":"Objectif Canon Macro 100mm \u2013 f\/2.8 \u00d867"},"content":{"rendered":"<p>Disposant d&#8217;un diaphragme circulaire compos\u00e9 de 8 lamelles, profitez d&#8217;un objectif macro avec un magnifique bokek laissant le sujet se distinguer du d\u00e9cor. Le Canon 100mm f\/2.8 USM a une distance minimale de mise au point de 0.31 m (0.99 ft) et b\u00e9n\u00e9ficie d&#8217;un limiteur de plage de mise au point qui permet \u00e0 l&#8217;autofocus d&#8217;avoir une plus grande vitesse d&#8217;ex\u00e9cution en limitant la plage de focales. Son moteur USM en fait un objectif polyvalent avec une mise au point rapide permettant de s&#8217;adapter \u00e0 diff\u00e9rentes situations. Avec une ouverture minimale de f\/32, cet objectif s&#8217;adapte aussi bien aux conditions de forte luminosit\u00e9 qu&#8217;aux environnements plus sombres avec une pleine ouverture de f\/2.8. Le diam\u00e8tre de la frontale de 58mm permet d&#8217;adapter un tr\u00e8s grand nombre de filtres sur cet objectif.<\/p>\n<p>Poids 630g<\/p>\n","protected":false},"excerpt":{"rendered":"<p>Disposant d&#8217;un diaphragme circulaire compos\u00e9 de 8 lamelles, profitez d&#8217;un objectif macro avec un magnifique bokek laissant le sujet se distinguer du d\u00e9cor. Le Canon 100mm f\/2.8 USM a une distance minimale de mise au point de 0.31 m (0.99 ft) et b\u00e9n\u00e9ficie d&#8217;un limiteur de plage de mise au point qui permet \u00e0 l&#8217;autofocus [&hellip;]<\/p>\n","protected":false},"featured_media":1849,"template":"","meta":{"inline_featured_image":false},"product_brand":[],"product_cat":[1927],"product_tag":[],"class_list":{"0":"post-341","1":"product","2":"type-product","3":"status-publish","4":"has-post-thumbnail","6":"product_cat-optique-macro-ef","8":"first","9":"instock","10":"taxable","11":"shipping-taxable","12":"purchasable","13":"product-type-rentable"},"acf":[],"_links":{"self":[{"href":"https:\/\/indie.rent\/catalogue\/wp-json\/wp\/v2\/product\/341","targetHints":{"allow":["GET"]}}],"collection":[{"href":"https:\/\/indie.rent\/catalogue\/wp-json\/wp\/v2\/product"}],"about":[{"href":"https:\/\/indie.rent\/catalogue\/wp-json\/wp\/v2\/types\/product"}],"version-history":[{"count":0,"href":"https:\/\/indie.rent\/catalogue\/wp-json\/wp\/v2\/product\/341\/revisions"}],"wp:featuredmedia":[{"embeddable":true,"href":"https:\/\/indie.rent\/catalogue\/wp-json\/wp\/v2\/media\/1849"}],"wp:attachment":[{"href":"https:\/\/indie.rent\/catalogue\/wp-json\/wp\/v2\/media?parent=341"}],"wp:term":[{"taxonomy":"product_brand","embeddable":true,"href":"https:\/\/indie.rent\/catalogue\/wp-json\/wp\/v2\/product_brand?post=341"},{"taxonomy":"product_cat","embeddable":true,"href":"https:\/\/indie.rent\/catalogue\/wp-json\/wp\/v2\/product_cat?post=341"},{"taxonomy":"product_tag","embeddable":true,"href":"https:\/\/indie.rent\/catalogue\/wp-json\/wp\/v2\/product_tag?post=341"}],"curies":[{"name":"wp","href":"https:\/\/api.w.org\/{rel}","templated":true}]}}