{"id":340,"date":"2025-01-08T17:32:36","date_gmt":"2025-01-08T16:32:36","guid":{"rendered":"https:\/\/indie.rent\/catalogue\/produit\/objectif-canon-50mm-11-2-l-usm\/"},"modified":"2026-04-04T00:13:22","modified_gmt":"2026-04-03T22:13:22","slug":"objectif-canon-50mm-11-2-l-usm-%e2%88%8572-mm","status":"publish","type":"product","link":"https:\/\/indie.rent\/catalogue\/produit\/objectif-canon-50mm-11-2-l-usm-%e2%88%8572-mm\/","title":{"rendered":"Objectif Canon 50mm &#8211; 1:1.2 L USM &#8211; \u220572 mm"},"content":{"rendered":"<p>L\u2019un des principaux atouts du Canon EF 50 mm f\/1.2 L USM est sa tr\u00e8s grande possibilit\u00e9 d\u2019ouverture (f\/1.2). Son ouverture minimale est de 16 et son diaphragme circulaire est compos\u00e9 de 8 lamelles. Il a une distance minimale de mise au point de 0,45 m, ainsi qu\u2019un autofocus tr\u00e8s rapide et silencieux gr\u00e2ce \u00e0 son moteur Ultrasonic (USM) de type annulaire. Il est compos\u00e9 de 8 lentilles en 6 groupes dot\u00e9s d\u2019un traitement Super Spectra permettant d\u2019obtenir des images tr\u00e8s fid\u00e8les et sans risque d\u2019apparition de reflet interne (intra-lentilles). Le diam\u00e8tre de la focale est de 72 mm.<\/p>\n<p>C\u2019est un objectif con\u00e7u pour r\u00e9sister \u00e0 l\u2019humidit\u00e9 et \u00e0 la poussi\u00e8re, pesant 580 g.<\/p>\n","protected":false},"excerpt":{"rendered":"<p>L\u2019un des principaux atouts du Canon EF 50 mm f\/1.2 L USM est sa tr\u00e8s grande possibilit\u00e9 d\u2019ouverture (f\/1.2). Son ouverture minimale est de 16 et son diaphragme circulaire est compos\u00e9 de 8 lamelles. Il a une distance minimale de mise au point de 0,45 m, ainsi qu\u2019un autofocus tr\u00e8s rapide et silencieux gr\u00e2ce \u00e0 [&hellip;]<\/p>\n","protected":false},"featured_media":1848,"template":"","meta":{"inline_featured_image":false},"product_brand":[],"product_cat":[1929],"product_tag":[],"class_list":{"0":"post-340","1":"product","2":"type-product","3":"status-publish","4":"has-post-thumbnail","6":"product_cat-objectif-photo-ef","8":"first","9":"instock","10":"taxable","11":"shipping-taxable","12":"purchasable","13":"product-type-rentable"},"acf":[],"_links":{"self":[{"href":"https:\/\/indie.rent\/catalogue\/wp-json\/wp\/v2\/product\/340","targetHints":{"allow":["GET"]}}],"collection":[{"href":"https:\/\/indie.rent\/catalogue\/wp-json\/wp\/v2\/product"}],"about":[{"href":"https:\/\/indie.rent\/catalogue\/wp-json\/wp\/v2\/types\/product"}],"version-history":[{"count":2,"href":"https:\/\/indie.rent\/catalogue\/wp-json\/wp\/v2\/product\/340\/revisions"}],"predecessor-version":[{"id":5440,"href":"https:\/\/indie.rent\/catalogue\/wp-json\/wp\/v2\/product\/340\/revisions\/5440"}],"wp:featuredmedia":[{"embeddable":true,"href":"https:\/\/indie.rent\/catalogue\/wp-json\/wp\/v2\/media\/1848"}],"wp:attachment":[{"href":"https:\/\/indie.rent\/catalogue\/wp-json\/wp\/v2\/media?parent=340"}],"wp:term":[{"taxonomy":"product_brand","embeddable":true,"href":"https:\/\/indie.rent\/catalogue\/wp-json\/wp\/v2\/product_brand?post=340"},{"taxonomy":"product_cat","embeddable":true,"href":"https:\/\/indie.rent\/catalogue\/wp-json\/wp\/v2\/product_cat?post=340"},{"taxonomy":"product_tag","embeddable":true,"href":"https:\/\/indie.rent\/catalogue\/wp-json\/wp\/v2\/product_tag?post=340"}],"curies":[{"name":"wp","href":"https:\/\/api.w.org\/{rel}","templated":true}]}}