{"id":335,"date":"2025-01-08T17:32:34","date_gmt":"2025-01-08T16:32:34","guid":{"rendered":"https:\/\/indie.rent\/catalogue\/produit\/zoom-sony-16-35mm-vario-tessar-fe-f4\/"},"modified":"2026-04-04T00:13:42","modified_gmt":"2026-04-03T22:13:42","slug":"zoom-sony-16-35mm-vario-tessar-fe-f4-o72-mm","status":"publish","type":"product","link":"https:\/\/indie.rent\/catalogue\/produit\/zoom-sony-16-35mm-vario-tessar-fe-f4-o72-mm\/","title":{"rendered":"Zoom SONY 16-35mm &#8211; Vario-Tessar FE &#8211; F4 &#8211; \u00d872 mm"},"content":{"rendered":"<p>Ce zoom Zeiss 16-35 mm offre des performances exceptionnelles dans un bo\u00eetier compact et l\u00e9ger. La plage de focale polyvalente associ\u00e9e \u00e0 la stabilisation optique int\u00e9gr\u00e9e d&#8217;image en font le choix id\u00e9al pour les instantan\u00e9s, les sc\u00e8nes en int\u00e9rieur, les photos de groupe, les paysages et bien plus encore, en particulier lorsqu&#8217;il est combin\u00e9 avec un bo\u00eetier plein format de la s\u00e9rie \u03b17. L&#8217;ouverture maximale F4 constante facilite le contr\u00f4le de l&#8217;exposition et de la profondeur de champ.<\/p>\n<p>Caract\u00e9ristiques principales :<br \/>&#8211; Objectif zoom grand angle plein format 35 mm Zeiss,<br \/>&#8211; Ouverture maximale constante de F4 sur toute plage de focale,<br \/>&#8211; Rev\u00eatement anti-reflets ZEISS T* r\u00e9duisant les reflets,<br \/>&#8211; Stabilisateur optique SteadyShot int\u00e9gr\u00e9,<br \/>&#8211; Design r\u00e9sistant \u00e0 la poussi\u00e8re et \u00e0 l&#8217;humidit\u00e9.<\/p>\n","protected":false},"excerpt":{"rendered":"<p>Ce zoom Zeiss 16-35 mm offre des performances exceptionnelles dans un bo\u00eetier compact et l\u00e9ger. La plage de focale polyvalente associ\u00e9e \u00e0 la stabilisation optique int\u00e9gr\u00e9e d&#8217;image en font le choix id\u00e9al pour les instantan\u00e9s, les sc\u00e8nes en int\u00e9rieur, les photos de groupe, les paysages et bien plus encore, en particulier lorsqu&#8217;il est combin\u00e9 avec [&hellip;]<\/p>\n","protected":false},"featured_media":1945,"template":"","meta":{"inline_featured_image":false},"product_brand":[],"product_cat":[1934],"product_tag":[],"class_list":{"0":"post-335","1":"product","2":"type-product","3":"status-publish","4":"has-post-thumbnail","6":"product_cat-zoom-spherique-e","8":"first","9":"instock","10":"taxable","11":"shipping-taxable","12":"purchasable","13":"product-type-rentable"},"acf":[],"_links":{"self":[{"href":"https:\/\/indie.rent\/catalogue\/wp-json\/wp\/v2\/product\/335","targetHints":{"allow":["GET"]}}],"collection":[{"href":"https:\/\/indie.rent\/catalogue\/wp-json\/wp\/v2\/product"}],"about":[{"href":"https:\/\/indie.rent\/catalogue\/wp-json\/wp\/v2\/types\/product"}],"version-history":[{"count":1,"href":"https:\/\/indie.rent\/catalogue\/wp-json\/wp\/v2\/product\/335\/revisions"}],"predecessor-version":[{"id":4925,"href":"https:\/\/indie.rent\/catalogue\/wp-json\/wp\/v2\/product\/335\/revisions\/4925"}],"wp:featuredmedia":[{"embeddable":true,"href":"https:\/\/indie.rent\/catalogue\/wp-json\/wp\/v2\/media\/1945"}],"wp:attachment":[{"href":"https:\/\/indie.rent\/catalogue\/wp-json\/wp\/v2\/media?parent=335"}],"wp:term":[{"taxonomy":"product_brand","embeddable":true,"href":"https:\/\/indie.rent\/catalogue\/wp-json\/wp\/v2\/product_brand?post=335"},{"taxonomy":"product_cat","embeddable":true,"href":"https:\/\/indie.rent\/catalogue\/wp-json\/wp\/v2\/product_cat?post=335"},{"taxonomy":"product_tag","embeddable":true,"href":"https:\/\/indie.rent\/catalogue\/wp-json\/wp\/v2\/product_tag?post=335"}],"curies":[{"name":"wp","href":"https:\/\/api.w.org\/{rel}","templated":true}]}}